{"id":817,"date":"2022-08-18T11:43:14","date_gmt":"2022-08-18T09:43:14","guid":{"rendered":"https:\/\/www2.kabel1.cz\/?page_id=817"},"modified":"2025-07-10T14:31:25","modified_gmt":"2025-07-10T12:31:25","slug":"moznosti-platby","status":"publish","type":"page","link":"https:\/\/www.kabel1.cz\/www\/moznosti-platby\/","title":{"rendered":"Mo\u017enosti platby"},"content":{"rendered":"<style>.kb-row-layout-id817_0785f2-51 > .kt-row-column-wrap{align-content:start;}:where(.kb-row-layout-id817_0785f2-51 > .kt-row-column-wrap) > .wp-block-kadence-column{justify-content:start;}.kb-row-layout-id817_0785f2-51 > .kt-row-column-wrap{column-gap:var(--global-kb-gap-md, 2rem);row-gap:var(--global-kb-gap-md, 2rem);max-width:var( --global-content-width, 1290px );padding-left:var(--global-content-edge-padding);padding-right:var(--global-content-edge-padding);padding-top:96px;padding-bottom:153px;grid-template-columns:minmax(0, 1fr);}.kb-row-layout-id817_0785f2-51 > .kt-row-layout-overlay{opacity:0.30;}.kb-row-layout-id817_0785f2-51 .kt-row-layout-bottom-sep{height:100px;}.kb-row-layout-id817_0785f2-51 .kt-row-layout-bottom-sep svg{width:100%;}.kb-row-layout-id817_0785f2-51 .kt-row-layout-bottom-sep svg{fill:var(--global-palette5, #4A5568)!important;}.kb-row-layout-id817_0785f2-51 .kt-row-layout-top-sep{height:100px;}.kb-row-layout-id817_0785f2-51 .kt-row-layout-top-sep svg{width:100%;}.kb-row-layout-id817_0785f2-51 .kt-row-layout-top-sep svg{fill:var(--global-palette5, #4A5568)!important;}@media all and (max-width: 1024px){.kb-row-layout-id817_0785f2-51 > .kt-row-column-wrap{grid-template-columns:minmax(0, 1fr);}}@media all and (max-width: 1024px){.kb-row-layout-id817_0785f2-51 .kt-row-layout-bottom-sep{height:px;}}@media all and (max-width: 1024px){.kb-row-layout-id817_0785f2-51 .kt-row-layout-bottom-sep svg{width:%;}}@media all and (max-width: 767px){.kb-row-layout-id817_0785f2-51 > .kt-row-column-wrap{grid-template-columns:minmax(0, 1fr);}.kb-row-layout-id817_0785f2-51 .kt-row-layout-bottom-sep{height:px;}.kb-row-layout-id817_0785f2-51 .kt-row-layout-bottom-sep svg{width:%;}}<\/style><div class=\"kb-row-layout-wrap kb-row-layout-id817_0785f2-51 alignnone wp-block-kadence-rowlayout\"><div class=\"kt-row-layout-top-sep kt-row-sep-type-crvi\"><svg viewBox=\"0 0 1000 100\" preserveAspectRatio=\"none\"><path d=\"M1000,0c0,0 -270.987,98 -500,98c-229.013,0 -500,-98 -500,-98l0,100l1000,0l0,-100Z\" \/><\/svg><\/div><div class=\"kt-row-layout-bottom-sep kt-row-sep-type-crv\"><svg viewBox=\"0 0 1000 100\" preserveAspectRatio=\"none\"><path d=\"M1000,100c0,0 -270.987,-98 -500,-98c-229.013,0 -500,98 -500,98l1000,0Z\" \/><\/svg><\/div><div class=\"kt-row-column-wrap kt-has-1-columns kt-row-layout-equal kt-tab-layout-inherit kt-mobile-layout-row kt-row-valign-top kb-theme-content-width\">\n<style>.kadence-column817_a65345-51 > .kt-inside-inner-col,.kadence-column817_a65345-51 > .kt-inside-inner-col:before{border-top-left-radius:0px;border-top-right-radius:0px;border-bottom-right-radius:0px;border-bottom-left-radius:0px;}.kadence-column817_a65345-51 > .kt-inside-inner-col{column-gap:var(--global-kb-gap-sm, 1rem);}.kadence-column817_a65345-51 > .kt-inside-inner-col{flex-direction:column;}.kadence-column817_a65345-51 > .kt-inside-inner-col > .aligncenter{width:100%;}.kadence-column817_a65345-51 > .kt-inside-inner-col:before{opacity:0.3;}.kadence-column817_a65345-51{position:relative;}@media all and (max-width: 1024px){.kadence-column817_a65345-51 > .kt-inside-inner-col{flex-direction:column;justify-content:center;}}@media all and (max-width: 767px){.kadence-column817_a65345-51 > .kt-inside-inner-col{flex-direction:column;justify-content:center;}}<\/style>\n<div class=\"wp-block-kadence-column kadence-column817_a65345-51 inner-column-1\"><div class=\"kt-inside-inner-col\">\n<h5 class=\"wp-block-heading\"><strong>HOTOVOSTN\u00cd PLATBA<\/strong><\/h5>\n\n\n\n<p>Chcete platit v hotovosti? Zastavte se u n\u00e1s na L\u00edpov\u00e9 658.<\/p>\n\n\n\n<p>V p\u0159\u00edpad\u011b platby v hotovosti je nutn\u00e9 nav\u0161t\u00edvit na\u0161i kancel\u00e1\u0159 na adrese L\u00edpov\u00e1 658.<br>Otev\u0159eno m\u00e1me ve v\u0161edn\u00ed dny od 9:00 do 12:00 a od 13:00 do 17:00.<\/p>\n<\/div><\/div>\n\n<\/div><\/div>\n\n<style>.kb-row-layout-id817_4341a3-7a > .kt-row-column-wrap{align-content:start;}:where(.kb-row-layout-id817_4341a3-7a > .kt-row-column-wrap) > .wp-block-kadence-column{justify-content:start;}.kb-row-layout-id817_4341a3-7a > .kt-row-column-wrap{column-gap:var(--global-kb-gap-md, 2rem);row-gap:var(--global-kb-gap-md, 2rem);max-width:var( --global-content-width, 1290px );padding-left:var(--global-content-edge-padding);padding-right:var(--global-content-edge-padding);padding-top:116px;padding-bottom:122px;grid-template-columns:minmax(0, 1fr);}.kb-row-layout-id817_4341a3-7a > .kt-row-layout-overlay{opacity:0.30;}.kb-row-layout-id817_4341a3-7a .kt-row-layout-bottom-sep{height:100px;}.kb-row-layout-id817_4341a3-7a .kt-row-layout-bottom-sep svg{width:100%;}.kb-row-layout-id817_4341a3-7a .kt-row-layout-bottom-sep svg{fill:var(--global-palette3, #1A202C)!important;}.kb-row-layout-id817_4341a3-7a .kt-row-layout-top-sep{height:100px;}.kb-row-layout-id817_4341a3-7a .kt-row-layout-top-sep svg{width:100%;}.kb-row-layout-id817_4341a3-7a .kt-row-layout-top-sep svg{fill:var(--global-palette5, #4A5568)!important;}@media all and (max-width: 1024px){.kb-row-layout-id817_4341a3-7a > .kt-row-column-wrap{grid-template-columns:minmax(0, 1fr);}}@media all and (max-width: 1024px){.kb-row-layout-id817_4341a3-7a .kt-row-layout-bottom-sep{height:px;}}@media all and (max-width: 1024px){.kb-row-layout-id817_4341a3-7a .kt-row-layout-bottom-sep svg{width:%;}}@media all and (max-width: 767px){.kb-row-layout-id817_4341a3-7a > .kt-row-column-wrap{grid-template-columns:minmax(0, 1fr);}.kb-row-layout-id817_4341a3-7a .kt-row-layout-bottom-sep{height:px;}.kb-row-layout-id817_4341a3-7a .kt-row-layout-bottom-sep svg{width:%;}}<\/style><div class=\"kb-row-layout-wrap kb-row-layout-id817_4341a3-7a alignnone wp-block-kadence-rowlayout\"><div class=\"kt-row-layout-top-sep kt-row-sep-type-crvli\"><svg viewBox=\"0 0 1000 100\" preserveAspectRatio=\"none\"><path d=\"M1000,0c0,0 -420.987,98 -650,98c-229.013,0 -350,-98 -350,-98l0,100l1000,0l0,-100Z\" \/><\/svg><\/div><div class=\"kt-row-layout-bottom-sep kt-row-sep-type-wavesi\"><svg viewBox=\"0 0 1000 100\" preserveAspectRatio=\"none\"><path d=\"M0,40c0,0 120.077,-38.076 250,-38c129.923,0.076 345.105,78 500,78c154.895,0 250,-30 250,-30l0,50l-1000,0l0,-60Z\" \/><path d=\"M0,40c0,0 120.077,-38.076 250,-38c129.923,0.076 345.105,73 500,73c154.895,0 250,-45 250,-45l0,70l-1000,0l0,-60Z\" style=\"opacity: 0.4\" \/><path d=\"M0,40c0,0 120.077,-38.076 250,-38c129.923,0.076 345.105,68 500,68c154.895,0 250,-65 250,-65l0,95l-1000,0l0,-60Z\" style=\"opacity: 0.4\" \/><\/svg><\/div><div class=\"kt-row-column-wrap kt-has-1-columns kt-row-layout-equal kt-tab-layout-inherit kt-mobile-layout-row kt-row-valign-top kb-theme-content-width\">\n<style>.kadence-column817_b5240c-a8 > .kt-inside-inner-col,.kadence-column817_b5240c-a8 > .kt-inside-inner-col:before{border-top-left-radius:0px;border-top-right-radius:0px;border-bottom-right-radius:0px;border-bottom-left-radius:0px;}.kadence-column817_b5240c-a8 > .kt-inside-inner-col{column-gap:var(--global-kb-gap-sm, 1rem);}.kadence-column817_b5240c-a8 > .kt-inside-inner-col{flex-direction:column;}.kadence-column817_b5240c-a8 > .kt-inside-inner-col > .aligncenter{width:100%;}.kadence-column817_b5240c-a8 > .kt-inside-inner-col:before{opacity:0.3;}.kadence-column817_b5240c-a8{position:relative;}@media all and (max-width: 1024px){.kadence-column817_b5240c-a8 > .kt-inside-inner-col{flex-direction:column;justify-content:center;}}@media all and (max-width: 767px){.kadence-column817_b5240c-a8 > .kt-inside-inner-col{flex-direction:column;justify-content:center;}}<\/style>\n<div class=\"wp-block-kadence-column kadence-column817_b5240c-a8 inner-column-1\"><div class=\"kt-inside-inner-col\">\n<h5 class=\"wp-block-heading\"><strong><strong>TRVAL\u00dd P\u0158\u00cdKAZ, PLATBA P\u0158EVODEM<\/strong><\/strong><\/h5>\n\n\n\n<p>P\u0159i platb\u011b trval\u00fdm nebo jednor\u00e1zov\u00fdm p\u0159evodem je nutn\u00e9 tuto volbu p\u0159edem nahl\u00e1sit v na\u0161\u00ed kancel\u00e1\u0159i.<\/p>\n\n\n\n<p>P\u0159id\u011bl\u00edme v\u00e1m <strong>variabiln\u00ed symbol<\/strong>, podle kter\u00e9ho platbu spolehliv\u011b rozezn\u00e1me.<br>Platby bez n\u011bj m\u016f\u017eou zp\u016fsobit probl\u00e9my s identifikac\u00ed a v\u00e9st a\u017e k p\u0159eru\u0161en\u00ed slu\u017eby.<\/p>\n\n\n<style>.wp-block-kadence-column.kb-section-dir-horizontal > .kt-inside-inner-col > .kt-info-box817_60553a-b0 .kt-blocks-info-box-link-wrap{max-width:unset;}.kt-info-box817_60553a-b0 .kt-blocks-info-box-link-wrap{border-top:5px solid var(--global-palette1, #3182CE);border-right:5px solid var(--global-palette1, #3182CE);border-bottom:5px solid var(--global-palette1, #3182CE);border-left:5px solid var(--global-palette1, #3182CE);border-top-left-radius:20px;border-top-right-radius:20px;border-bottom-right-radius:20px;border-bottom-left-radius:20px;background:#ffffff;padding-top:24px;padding-right:24px;padding-bottom:24px;padding-left:24px;margin-top:60px;}.kt-info-box817_60553a-b0 .kt-blocks-info-box-link-wrap:hover{background:#ffffff;}.kt-info-box817_60553a-b0 .kadence-info-box-icon-container .kt-info-svg-icon, .kt-info-box817_60553a-b0 .kt-info-svg-icon-flip, .kt-info-box817_60553a-b0 .kt-blocks-info-box-number{font-size:50px;}.kt-info-box817_60553a-b0 .kt-blocks-info-box-media{color:var(--global-palette3, #1A202C);background:#ffffff;border-color:#eeeeee;border-radius:200px;overflow:hidden;border-top-width:5px;border-right-width:5px;border-bottom-width:5px;border-left-width:5px;padding-top:20px;padding-right:20px;padding-bottom:20px;padding-left:20px;}.kt-info-box817_60553a-b0 .kt-blocks-info-box-media-container{margin-top:-75px;margin-right:0px;margin-bottom:20px;margin-left:0px;}.kt-info-box817_60553a-b0 .kt-blocks-info-box-media .kadence-info-box-image-intrisic img{border-radius:200px;}.kt-info-box817_60553a-b0 .kt-blocks-info-box-link-wrap:hover .kt-blocks-info-box-media{color:var(--global-palette1, #3182CE);background:#ffffff;border-color:#eeeeee;}.kt-info-box817_60553a-b0 .kt-infobox-textcontent h2.kt-blocks-info-box-title{padding-top:0px;padding-right:0px;padding-bottom:0px;padding-left:0px;margin-top:5px;margin-right:0px;margin-bottom:10px;margin-left:0px;}.kt-info-box817_60553a-b0 .kt-infobox-textcontent .kt-blocks-info-box-text{color:#555555;}.kt-info-box817_60553a-b0 .kt-blocks-info-box-learnmore{background:transparent;border-color:#555555;border-width:0px 0px 0px 0px;padding-top:4px;padding-right:8px;padding-bottom:4px;padding-left:8px;margin-top:10px;margin-right:0px;margin-bottom:10px;margin-left:0px;}.kt-info-box817_60553a-b0 .kt-blocks-info-box-link-wrap:hover .kt-blocks-info-box-learnmore,.kt-info-box817_60553a-b0 .kt-blocks-info-box-link-wrap .kt-blocks-info-box-learnmore:focus{color:#ffffff;background:#444444;border-color:#444444;}@media all and (max-width: 1024px){.kt-info-box817_60553a-b0 .kt-blocks-info-box-link-wrap{border-top:5px solid var(--global-palette1, #3182CE);border-right:5px solid var(--global-palette1, #3182CE);border-bottom:5px solid var(--global-palette1, #3182CE);border-left:5px solid var(--global-palette1, #3182CE);}}@media all and (max-width: 767px){.kt-info-box817_60553a-b0 .kt-blocks-info-box-link-wrap{border-top:5px solid var(--global-palette1, #3182CE);border-right:5px solid var(--global-palette1, #3182CE);border-bottom:5px solid var(--global-palette1, #3182CE);border-left:5px solid var(--global-palette1, #3182CE);}}<\/style>\n<div class=\"wp-block-kadence-infobox kt-info-box817_60553a-b0\"><span class=\"kt-blocks-info-box-link-wrap info-box-link kt-blocks-info-box-media-align-top kt-info-halign-center\"><div class=\"kt-blocks-info-box-media-container\"><div class=\"kt-blocks-info-box-media kt-info-media-animate-none\"><div class=\"kadence-info-box-icon-container kt-info-icon-animate-none\"><div class=\"kadence-info-box-icon-inner-container\"><span class=\"kb-svg-icon-wrap kb-svg-icon-fas_info kt-info-svg-icon\"><svg viewBox=\"0 0 192 512\"  fill=\"currentColor\" xmlns=\"http:\/\/www.w3.org\/2000\/svg\"  aria-hidden=\"true\"><path d=\"M20 424.229h20V279.771H20c-11.046 0-20-8.954-20-20V212c0-11.046 8.954-20 20-20h112c11.046 0 20 8.954 20 20v212.229h20c11.046 0 20 8.954 20 20V492c0 11.046-8.954 20-20 20H20c-11.046 0-20-8.954-20-20v-47.771c0-11.046 8.954-20 20-20zM96 0C56.235 0 24 32.235 24 72s32.235 72 72 72 72-32.235 72-72S135.764 0 96 0z\"\/><\/svg><\/span><\/div><\/div><\/div><\/div><div class=\"kt-infobox-textcontent\"><p class=\"kt-blocks-info-box-text\">Pro platbu pou\u017e\u00edvejte tento \u00fa\u010det:&nbsp;<strong>154814488 \/ 0600.<\/strong><br>Pozor, variabiln\u00ed symbol je d\u016fle\u017eit\u00fd! Je uveden ve smlouv\u011b, nebo si ho vy\u017e\u00e1dejte osobn\u011b v kancel\u00e1\u0159i.<\/p><\/div><\/span><\/div>\n<\/div><\/div>\n\n<\/div><\/div>\n\n<style>.kb-row-layout-id817_59edb6-2b > .kt-row-column-wrap{align-content:start;}:where(.kb-row-layout-id817_59edb6-2b > .kt-row-column-wrap) > .wp-block-kadence-column{justify-content:start;}.kb-row-layout-id817_59edb6-2b > .kt-row-column-wrap{column-gap:var(--global-kb-gap-md, 2rem);row-gap:var(--global-kb-gap-md, 2rem);max-width:var( --global-content-width, 1290px );padding-left:var(--global-content-edge-padding);padding-right:var(--global-content-edge-padding);padding-top:137px;padding-bottom:155px;grid-template-columns:minmax(0, calc(65% - ((var(--global-kb-gap-md, 2rem) * 1 )\/2)))minmax(0, calc(35% - ((var(--global-kb-gap-md, 2rem) * 1 )\/2)));}.kb-row-layout-id817_59edb6-2b > .kt-row-layout-overlay{opacity:0.30;}.kb-row-layout-id817_59edb6-2b .kt-row-layout-bottom-sep{height:100px;}.kb-row-layout-id817_59edb6-2b .kt-row-layout-bottom-sep svg{width:100%;}.kb-row-layout-id817_59edb6-2b .kt-row-layout-bottom-sep svg{fill:#eab3c5!important;}.kb-row-layout-id817_59edb6-2b .kt-row-layout-top-sep{height:100px;}.kb-row-layout-id817_59edb6-2b .kt-row-layout-top-sep svg{width:100%;}.kb-row-layout-id817_59edb6-2b .kt-row-layout-top-sep svg{fill:var(--global-palette3, #1A202C)!important;}@media all and (max-width: 1024px){.kb-row-layout-id817_59edb6-2b > .kt-row-column-wrap{grid-template-columns:minmax(0, 2fr) minmax(0, 1fr);}}@media all and (max-width: 1024px){.kb-row-layout-id817_59edb6-2b .kt-row-layout-bottom-sep{height:px;}}@media all and (max-width: 1024px){.kb-row-layout-id817_59edb6-2b .kt-row-layout-bottom-sep svg{width:%;}}@media all and (max-width: 767px){.kb-row-layout-id817_59edb6-2b > .kt-row-column-wrap{grid-template-columns:minmax(0, 1fr);}.kb-row-layout-id817_59edb6-2b .kt-row-layout-bottom-sep{height:px;}.kb-row-layout-id817_59edb6-2b .kt-row-layout-bottom-sep svg{width:%;}}<\/style><div class=\"kb-row-layout-wrap kb-row-layout-id817_59edb6-2b alignnone has-theme-palette9-background-color kt-row-has-bg wp-block-kadence-rowlayout\"><div class=\"kt-row-layout-top-sep kt-row-sep-type-wavei\"><svg viewBox=\"0 0 1000 100\" preserveAspectRatio=\"none\"><path d=\"M0,40c0,0 120.077,-38.076 250,-38c129.923,0.076 345.105,78 500,78c154.895,0 250,-30 250,-30l0,50l-1000,0l0,-60Z\" \/><\/svg><\/div><div class=\"kt-row-layout-bottom-sep kt-row-sep-type-wave\"><svg viewBox=\"0 0 1000 100\" preserveAspectRatio=\"none\"><path d=\"M1000,40c0,0 -120.077,-38.076 -250,-38c-129.923,0.076 -345.105,78 -500,78c-154.895,0 -250,-30 -250,-30l0,50l1000,0l0,-60Z\" \/><\/svg><\/div><div class=\"kt-row-column-wrap kt-has-2-columns kt-row-layout-left-golden kt-tab-layout-inherit kt-mobile-layout-row kt-row-valign-top kb-theme-content-width\">\n<style>.kadence-column817_b0d922-9f > .kt-inside-inner-col,.kadence-column817_b0d922-9f > .kt-inside-inner-col:before{border-top-left-radius:0px;border-top-right-radius:0px;border-bottom-right-radius:0px;border-bottom-left-radius:0px;}.kadence-column817_b0d922-9f > .kt-inside-inner-col{column-gap:var(--global-kb-gap-sm, 1rem);}.kadence-column817_b0d922-9f > .kt-inside-inner-col{flex-direction:column;}.kadence-column817_b0d922-9f > .kt-inside-inner-col > .aligncenter{width:100%;}.kadence-column817_b0d922-9f > .kt-inside-inner-col:before{opacity:0.3;}.kadence-column817_b0d922-9f{position:relative;}@media all and (max-width: 1024px){.kadence-column817_b0d922-9f > .kt-inside-inner-col{flex-direction:column;justify-content:center;}}@media all and (max-width: 767px){.kadence-column817_b0d922-9f > .kt-inside-inner-col{flex-direction:column;justify-content:center;}}<\/style>\n<div class=\"wp-block-kadence-column kadence-column817_b0d922-9f inner-column-1\"><div class=\"kt-inside-inner-col\">\n<h5 class=\"wp-block-heading\"><strong><strong><strong><strong>D\u00c1RKOV\u00c9 POUKAZY<\/strong><\/strong><\/strong><\/strong><\/h5>\n\n\n\n<p>P\u0159ipravili jsme pro V\u00e1s mo\u017enost zakoupen\u00ed&nbsp;<strong>d\u00e1rkov\u00e9ho poukazu,<\/strong>&nbsp;vhodn\u00fd jako dar.<\/p>\n\n\n\n<p>Hodnotu si zvol\u00edte sami a p\u0159\u00e1n\u00ed na poukaz m\u016f\u017eete napsat podle sebe.<\/p>\n\n\n\n<p>Poukaz tiskneme ve form\u00e1tu A4 a zal\u00e9v\u00e1me do f\u00f3lie.<\/p>\n\n\n\n<p>Pokud m\u00e1te z\u00e1jem, zastavte se u n\u00e1s v kancel\u00e1\u0159i Kabel1 na L\u00edpov\u00e9 658.<\/p>\n<\/div><\/div>\n\n\n<style>.kadence-column817_f5d12e-cb > .kt-inside-inner-col,.kadence-column817_f5d12e-cb > .kt-inside-inner-col:before{border-top-left-radius:0px;border-top-right-radius:0px;border-bottom-right-radius:0px;border-bottom-left-radius:0px;}.kadence-column817_f5d12e-cb > .kt-inside-inner-col{column-gap:var(--global-kb-gap-sm, 1rem);}.kadence-column817_f5d12e-cb > .kt-inside-inner-col{flex-direction:column;}.kadence-column817_f5d12e-cb > .kt-inside-inner-col > .aligncenter{width:100%;}.kadence-column817_f5d12e-cb > .kt-inside-inner-col:before{opacity:0.3;}.kadence-column817_f5d12e-cb{position:relative;}@media all and (max-width: 1024px){.kadence-column817_f5d12e-cb > .kt-inside-inner-col{flex-direction:column;justify-content:center;}}@media all and (max-width: 767px){.kadence-column817_f5d12e-cb > .kt-inside-inner-col{flex-direction:column;justify-content:center;}}<\/style>\n<div class=\"wp-block-kadence-column kadence-column817_f5d12e-cb inner-column-2\"><div class=\"kt-inside-inner-col\">\n<figure class=\"wp-block-image size-large is-resized\"><a href=\"https:\/\/www.kabel1.cz\/www\/wp-content\/uploads\/2024\/02\/Export2.png\"><img loading=\"lazy\" decoding=\"async\" width=\"1024\" height=\"688\" src=\"https:\/\/www.kabel1.cz\/www\/wp-content\/uploads\/2024\/02\/Export2-1024x688.png\" alt=\"\" class=\"wp-image-14499\" style=\"width:304px;height:auto\" srcset=\"https:\/\/www.kabel1.cz\/www\/wp-content\/uploads\/2024\/02\/Export2-1024x688.png 1024w, https:\/\/www.kabel1.cz\/www\/wp-content\/uploads\/2024\/02\/Export2-300x201.png 300w, https:\/\/www.kabel1.cz\/www\/wp-content\/uploads\/2024\/02\/Export2-768x516.png 768w, https:\/\/www.kabel1.cz\/www\/wp-content\/uploads\/2024\/02\/Export2-1536x1031.png 1536w, https:\/\/www.kabel1.cz\/www\/wp-content\/uploads\/2024\/02\/Export2-2048x1375.png 2048w\" sizes=\"auto, (max-width: 1024px) 100vw, 1024px\" \/><\/a><\/figure>\n<\/div><\/div>\n\n<\/div><\/div>\n\n<style>.kb-row-layout-id817_6c1aed-4c > .kt-row-column-wrap{align-content:start;}:where(.kb-row-layout-id817_6c1aed-4c > .kt-row-column-wrap) > .wp-block-kadence-column{justify-content:start;}.kb-row-layout-id817_6c1aed-4c > .kt-row-column-wrap{column-gap:var(--global-kb-gap-md, 2rem);row-gap:var(--global-kb-gap-md, 2rem);max-width:var( --global-content-width, 1290px );padding-left:var(--global-content-edge-padding);padding-right:var(--global-content-edge-padding);padding-top:64px;padding-bottom:60px;grid-template-columns:minmax(0, calc(65% - ((var(--global-kb-gap-md, 2rem) * 1 )\/2)))minmax(0, calc(35% - ((var(--global-kb-gap-md, 2rem) * 1 )\/2)));}.kb-row-layout-id817_6c1aed-4c > .kt-row-layout-overlay{opacity:0.30;background-color:var(--global-palette1, #3182CE);}@media all and (max-width: 1024px){.kb-row-layout-id817_6c1aed-4c > .kt-row-column-wrap{grid-template-columns:repeat(2, minmax(0, 1fr));}}@media all and (max-width: 767px){.kb-row-layout-id817_6c1aed-4c > .kt-row-column-wrap{grid-template-columns:minmax(0, 1fr);}}<\/style><div class=\"kb-row-layout-wrap kb-row-layout-id817_6c1aed-4c alignnone kt-row-has-bg wp-block-kadence-rowlayout\"><div class=\"kt-row-layout-overlay kt-row-overlay-normal\"><\/div><div class=\"kt-row-column-wrap kt-has-2-columns kt-row-layout-equal kt-tab-layout-inherit kt-mobile-layout-row kt-row-valign-top kb-theme-content-width\">\n<style>.kadence-column817_03352a-c6 > .kt-inside-inner-col,.kadence-column817_03352a-c6 > .kt-inside-inner-col:before{border-top-left-radius:0px;border-top-right-radius:0px;border-bottom-right-radius:0px;border-bottom-left-radius:0px;}.kadence-column817_03352a-c6 > .kt-inside-inner-col{column-gap:var(--global-kb-gap-sm, 1rem);}.kadence-column817_03352a-c6 > .kt-inside-inner-col{flex-direction:column;}.kadence-column817_03352a-c6 > .kt-inside-inner-col > .aligncenter{width:100%;}.kadence-column817_03352a-c6 > .kt-inside-inner-col:before{opacity:0.3;}.kadence-column817_03352a-c6{position:relative;}@media all and (max-width: 1024px){.kadence-column817_03352a-c6 > .kt-inside-inner-col{flex-direction:column;justify-content:center;}}@media all and (max-width: 767px){.kadence-column817_03352a-c6 > .kt-inside-inner-col{flex-direction:column;justify-content:center;}}<\/style>\n<div class=\"wp-block-kadence-column kadence-column817_03352a-c6 inner-column-1\"><div class=\"kt-inside-inner-col\">\n<h5 class=\"wp-block-heading\"><strong><strong><strong><strong>PLATBA KARTOU<\/strong><\/strong><\/strong><\/strong><\/h5>\n\n\n\n<p>Platebn\u00ed kartou lze uhradit pouze zbo\u017e\u00ed. U slu\u017eeb tento zp\u016fsob platby bohu\u017eel nepodporujeme z provozn\u00edch d\u016fvod\u016f.<\/p>\n<\/div><\/div>\n\n\n<style>.kadence-column817_062ced-e0 > .kt-inside-inner-col,.kadence-column817_062ced-e0 > .kt-inside-inner-col:before{border-top-left-radius:0px;border-top-right-radius:0px;border-bottom-right-radius:0px;border-bottom-left-radius:0px;}.kadence-column817_062ced-e0 > .kt-inside-inner-col{column-gap:var(--global-kb-gap-sm, 1rem);}.kadence-column817_062ced-e0 > .kt-inside-inner-col{flex-direction:column;}.kadence-column817_062ced-e0 > .kt-inside-inner-col > .aligncenter{width:100%;}.kadence-column817_062ced-e0 > .kt-inside-inner-col:before{opacity:0.3;}.kadence-column817_062ced-e0{position:relative;}@media all and (max-width: 1024px){.kadence-column817_062ced-e0 > .kt-inside-inner-col{flex-direction:column;justify-content:center;}}@media all and (max-width: 767px){.kadence-column817_062ced-e0 > .kt-inside-inner-col{flex-direction:column;justify-content:center;}}<\/style>\n<div class=\"wp-block-kadence-column kadence-column817_062ced-e0 inner-column-2\"><div class=\"kt-inside-inner-col\">\n<figure class=\"wp-block-image size-full\"><img loading=\"lazy\" decoding=\"async\" width=\"420\" height=\"93\" src=\"https:\/\/www.kabel1.cz\/www\/wp-content\/uploads\/2022\/11\/platba_kartou_pruhledna-420x93-1.png\" alt=\"\" class=\"wp-image-12329\" srcset=\"https:\/\/www.kabel1.cz\/www\/wp-content\/uploads\/2022\/11\/platba_kartou_pruhledna-420x93-1.png 420w, https:\/\/www.kabel1.cz\/www\/wp-content\/uploads\/2022\/11\/platba_kartou_pruhledna-420x93-1-300x66.png 300w\" sizes=\"auto, (max-width: 420px) 100vw, 420px\" \/><\/figure>\n<\/div><\/div>\n\n<\/div><\/div>","protected":false},"excerpt":{"rendered":"<p>HOTOVOSTN\u00cd PLATBA Chcete platit v hotovosti? Zastavte se u n\u00e1s na L\u00edpov\u00e9 658. V p\u0159\u00edpad\u011b platby v hotovosti je nutn\u00e9 nav\u0161t\u00edvit na\u0161i kancel\u00e1\u0159 na adrese L\u00edpov\u00e1 658.Otev\u0159eno m\u00e1me ve v\u0161edn\u00ed dny od 9:00 do 12:00 a od 13:00 do 17:00. TRVAL\u00dd P\u0158\u00cdKAZ, PLATBA P\u0158EVODEM P\u0159i platb\u011b trval\u00fdm nebo jednor\u00e1zov\u00fdm p\u0159evodem je nutn\u00e9 tuto volbu p\u0159edem&#8230;<\/p>\n","protected":false},"author":5,"featured_media":0,"parent":0,"menu_order":0,"comment_status":"closed","ping_status":"closed","template":"","meta":{"_eb_attr":"","_kad_post_transparent":"","_kad_post_title":"","_kad_post_layout":"","_kad_post_sidebar_id":"","_kad_post_content_style":"","_kad_post_vertical_padding":"","_kad_post_feature":"","_kad_post_feature_position":"","_kad_post_header":false,"_kad_post_footer":false,"_kad_post_classname":"","footnotes":""},"class_list":["post-817","page","type-page","status-publish","hentry"],"_links":{"self":[{"href":"https:\/\/www.kabel1.cz\/www\/wp-json\/wp\/v2\/pages\/817","targetHints":{"allow":["GET"]}}],"collection":[{"href":"https:\/\/www.kabel1.cz\/www\/wp-json\/wp\/v2\/pages"}],"about":[{"href":"https:\/\/www.kabel1.cz\/www\/wp-json\/wp\/v2\/types\/page"}],"author":[{"embeddable":true,"href":"https:\/\/www.kabel1.cz\/www\/wp-json\/wp\/v2\/users\/5"}],"replies":[{"embeddable":true,"href":"https:\/\/www.kabel1.cz\/www\/wp-json\/wp\/v2\/comments?post=817"}],"version-history":[{"count":41,"href":"https:\/\/www.kabel1.cz\/www\/wp-json\/wp\/v2\/pages\/817\/revisions"}],"predecessor-version":[{"id":21173,"href":"https:\/\/www.kabel1.cz\/www\/wp-json\/wp\/v2\/pages\/817\/revisions\/21173"}],"wp:attachment":[{"href":"https:\/\/www.kabel1.cz\/www\/wp-json\/wp\/v2\/media?parent=817"}],"curies":[{"name":"wp","href":"https:\/\/api.w.org\/{rel}","templated":true}]}}