{"id":394,"date":"2022-08-12T10:22:15","date_gmt":"2022-08-12T08:22:15","guid":{"rendered":"https:\/\/www2.kabel1.cz\/?page_id=394"},"modified":"2024-07-10T16:24:39","modified_gmt":"2024-07-10T14:24:39","slug":"elektronicke-zamky","status":"publish","type":"page","link":"https:\/\/www.kabel1.cz\/www\/elektronicke-zamky\/","title":{"rendered":"Elektronick\u00e9 z\u00e1mky"},"content":{"rendered":"<style>.kb-row-layout-id394_4ef9bd-09 > .kt-row-column-wrap{align-content:start;}:where(.kb-row-layout-id394_4ef9bd-09 > .kt-row-column-wrap) > .wp-block-kadence-column{justify-content:start;}.kb-row-layout-id394_4ef9bd-09 > .kt-row-column-wrap{column-gap:var(--global-kb-gap-md, 2rem);row-gap:var(--global-kb-gap-md, 2rem);max-width:var( --global-content-width, 1290px );padding-left:var(--global-content-edge-padding);padding-right:var(--global-content-edge-padding);padding-top:25px;padding-bottom:73px;grid-template-columns:minmax(0, calc(40% - ((var(--global-kb-gap-md, 2rem) * 1 )\/2)))minmax(0, calc(60% - ((var(--global-kb-gap-md, 2rem) * 1 )\/2)));}.kb-row-layout-id394_4ef9bd-09 > .kt-row-layout-overlay{opacity:0.30;}.kb-row-layout-id394_4ef9bd-09 .kt-row-layout-bottom-sep{height:100px;}.kb-row-layout-id394_4ef9bd-09 .kt-row-layout-bottom-sep svg{width:100%;}.kb-row-layout-id394_4ef9bd-09 .kt-row-layout-bottom-sep svg{fill:#eab3c5!important;}@media all and (max-width: 1024px){.kb-row-layout-id394_4ef9bd-09 > .kt-row-column-wrap{grid-template-columns:repeat(2, minmax(0, 1fr));}}@media all and (max-width: 1024px){.kb-row-layout-id394_4ef9bd-09 .kt-row-layout-bottom-sep{height:px;}}@media all and (max-width: 1024px){.kb-row-layout-id394_4ef9bd-09 .kt-row-layout-bottom-sep svg{width:%;}}@media all and (max-width: 767px){.kb-row-layout-id394_4ef9bd-09 > .kt-row-column-wrap{grid-template-columns:minmax(0, 1fr);}.kb-row-layout-id394_4ef9bd-09 .kt-row-layout-bottom-sep{height:px;}.kb-row-layout-id394_4ef9bd-09 .kt-row-layout-bottom-sep svg{width:%;}}<\/style><div class=\"kb-row-layout-wrap kb-row-layout-id394_4ef9bd-09 alignnone has-theme-palette9-background-color kt-row-has-bg wp-block-kadence-rowlayout\"><div class=\"kt-row-layout-bottom-sep kt-row-sep-type-wavei\"><svg viewBox=\"0 0 1000 100\" preserveAspectRatio=\"none\"><path d=\"M0,40c0,0 120.077,-38.076 250,-38c129.923,0.076 345.105,78 500,78c154.895,0 250,-30 250,-30l0,50l-1000,0l0,-60Z\" \/><\/svg><\/div><div class=\"kt-row-column-wrap kt-has-2-columns kt-row-layout-equal kt-tab-layout-inherit kt-mobile-layout-row kt-row-valign-top kb-theme-content-width\">\n<style>.kadence-column394_b08e99-c9 > .kt-inside-inner-col,.kadence-column394_b08e99-c9 > .kt-inside-inner-col:before{border-top-left-radius:0px;border-top-right-radius:0px;border-bottom-right-radius:0px;border-bottom-left-radius:0px;}.kadence-column394_b08e99-c9 > .kt-inside-inner-col{column-gap:var(--global-kb-gap-sm, 1rem);}.kadence-column394_b08e99-c9 > .kt-inside-inner-col{flex-direction:column;}.kadence-column394_b08e99-c9 > .kt-inside-inner-col > .aligncenter{width:100%;}.kadence-column394_b08e99-c9 > .kt-inside-inner-col:before{opacity:0.3;}.kadence-column394_b08e99-c9{position:relative;}@media all and (max-width: 1024px){.kadence-column394_b08e99-c9 > .kt-inside-inner-col{flex-direction:column;justify-content:center;}}@media all and (max-width: 767px){.kadence-column394_b08e99-c9 > .kt-inside-inner-col{flex-direction:column;justify-content:center;}}<\/style>\n<div class=\"wp-block-kadence-column kadence-column394_b08e99-c9 inner-column-1\"><div class=\"kt-inside-inner-col\">\n<h5 class=\"wp-block-heading\">Poskytujeme:<\/h5>\n\n\n\n<p>Na\u0161e firma&nbsp;m\u016f\u017ee poskytnout takt\u00e9\u017e elektronick\u00e9 p\u0159\u00edstupov\u00e9 syst\u00e9my. Vzhledem k tomu, \u017ee nab\u00edz\u00edme&nbsp;internetov\u00e9 p\u0159ipojen\u00ed&nbsp;do v\u0161ech panelov\u00fdch dom\u016f, jsme schopni tyto syst\u00e9my napojit do s\u00edt\u011b internetu a t\u00edm z\u00edskat mnoho zaj\u00edmav\u00fdch funkc\u00ed.<\/p>\n\n\n\n<h5 class=\"wp-block-heading\">Kdy\u017e&nbsp;ztrat\u00edm&nbsp;\u010dip?<\/h5>\n\n\n\n<p>Ztracen\u00fd \u010dip m\u016f\u017ee b\u00fdt nahrazen za nov\u00fd a ztracen\u00fd se jednodu\u0161e zablokuje. To v\u0161e m\u016f\u017ee ud\u011blat zvolen\u00fd spr\u00e1vce syst\u00e9mu z domova nebo kancel\u00e1\u0159e. \u017d\u00e1dn\u00e9 slo\u017eit\u00e9 programov\u00e1n\u00ed technikem.<\/p>\n\n\n\n<figure class=\"wp-block-image size-large\"><img decoding=\"async\" src=\"https:\/\/www.kabel1.cz\/www\/wp-content\/uploads\/2022\/08\/cipy-300x212-1.png\" alt=\"\"\/><\/figure>\n\n\n\n<p>Cena za nov\u00fd \u010dip je v tomto p\u0159\u00edpad\u011b p\u0159ibli\u017en\u011b 55,- K\u010d, co\u017e je dne\u0161n\u00ed cena v\u00fdroby kl\u00ed\u010de.<\/p>\n<\/div><\/div>\n\n\n<style>.kadence-column394_eeb752-18 > .kt-inside-inner-col,.kadence-column394_eeb752-18 > .kt-inside-inner-col:before{border-top-left-radius:0px;border-top-right-radius:0px;border-bottom-right-radius:0px;border-bottom-left-radius:0px;}.kadence-column394_eeb752-18 > .kt-inside-inner-col{column-gap:var(--global-kb-gap-sm, 1rem);}.kadence-column394_eeb752-18 > .kt-inside-inner-col{flex-direction:column;}.kadence-column394_eeb752-18 > .kt-inside-inner-col > .aligncenter{width:100%;}.kadence-column394_eeb752-18 > .kt-inside-inner-col:before{opacity:0.3;}.kadence-column394_eeb752-18{position:relative;}@media all and (max-width: 1024px){.kadence-column394_eeb752-18 > .kt-inside-inner-col{flex-direction:column;justify-content:center;}}@media all and (max-width: 767px){.kadence-column394_eeb752-18 > .kt-inside-inner-col{flex-direction:column;justify-content:center;}}<\/style>\n<div class=\"wp-block-kadence-column kadence-column394_eeb752-18 inner-column-2\"><div class=\"kt-inside-inner-col\">\n<h5 class=\"wp-block-heading has-text-align-right\">V\u00fdhody&nbsp;elektronick\u00fdch z\u00e1mk\u016f:<\/h5>\n\n\n\n<p class=\"has-text-align-right\">Hierarchie p\u0159\u00edstupu.&nbsp;To je snadn\u00e9 nastaven\u00ed p\u0159\u00edstup\u016f pro jednotlivce \u010di skupiny. Jako p\u0159\u00edklad se d\u00e1 pou\u017e\u00edt domovn\u00edk, kter\u00fd jedn\u00edm \u010dipem z\u00edsk\u00e1 p\u0159\u00edstup do v\u0161ech vchod\u016f kter\u00e9 spravuje.<br>Dal\u0161\u00edm p\u0159\u00edkladem je mo\u017eno uv\u00e9st p\u0159\u00edpad, kdy n\u00e1jemn\u00edk bytu m\u00e1 ve vedlej\u0161\u00edm vchod\u011b sv\u00e9 p\u0159\u00edbuzn\u00e9. Tato osoba m\u016f\u017ee m\u00edt nastaven\u00fd p\u0159\u00edstup do v\u00edce vchod\u016f, p\u0159esn\u011b tak jak pot\u0159ebuje.<br>Editace u\u017eivatel\u016f.&nbsp;Ve\u0161ker\u00e9 p\u0159id\u00e1v\u00e1n\u00ed, odeb\u00edr\u00e1n\u00ed a editace u\u017eivatel\u016f, zm\u011bny hierarchie jsou mo\u017en\u00e9 prov\u00e9st&nbsp;v online syst\u00e9mu, nen\u00ed pot\u0159eba p\u0159\u00edjezd technika a t\u00edm odpadaj\u00ed n\u00e1klady s t\u00edm spojen\u00e9.<\/p>\n\n\n\n<p class=\"has-text-align-right\">\u010casov\u00e9 pl\u00e1ny z\u00e1mk\u016f. Syst\u00e9my z\u00e1mku&nbsp;jsou nastaviteln\u00e9 takt\u00e9\u017e \u010dasov\u011b. To p\u0159in\u00e1\u0161\u00ed automatick\u00e9 zamyk\u00e1n\u00ed vchodu v ur\u010ditou hodinu nebo zase umo\u017e\u0148uje vstupy jednotlivc\u016fm v \u010dasov\u00e9 ose. P\u0159\u00edklad m\u016f\u017ee b\u00fdt po\u0161\u0165\u00e1k, kter\u00fd se do vchodu dostane jen v pracovn\u00ed dny a to od 8:00 do 14:00.<\/p>\n\n\n\n<p class=\"has-text-align-right\">Neomezen\u00e9 mno\u017estv\u00ed \u010dip\u016f&nbsp;k jednomu elektronick\u00e9mu z\u00e1mku.<br>Z\u00e1lo\u017en\u00ed zdroj.&nbsp;Na\u0161e syst\u00e9my jsou chr\u00e1n\u011bny z\u00e1lo\u017en\u00edm zdrojem. Odpad\u00e1 tak probl\u00e9m p\u0159i v\u00fdpadku proudu, i tak nen\u00ed pot\u0159eba hledat kovov\u00fd kl\u00ed\u010d pro odem\u010den\u00ed dve\u0159\u00ed. Se z\u00e1lo\u017en\u00ed bateri\u00ed dok\u00e1\u017ee syst\u00e9m pracovat i n\u011bkolik dn\u00ed. Na\u0161t\u011bst\u00ed ale takov\u00e9 v\u00fdpadky energie nem\u00e1me.<\/p>\n\n\n\n<p class=\"has-text-align-right\">Bzu\u010d\u00e1k.&nbsp;\u010casto se z\u00e1kaznici ptaj\u00ed, zda z\u016fstane v z\u00e1mku takzvan\u00fd bzu\u010d\u00e1k. Odpov\u011b\u010f je ano&nbsp;m\u016f\u017ee. I ten ale jde \u010dasov\u011b omezit. Nap\u0159\u00edklad do 22t\u00e9 hodiny bude mo\u017eno dom\u00e1c\u00edm telefonem&nbsp;otev\u0159\u00edt pomoc\u00ed bzu\u010d\u00e1ku a po 22t\u00e9 hodin\u011b ji\u017e jen fyzick\u00fdm kl\u00ed\u010dem, \u010di \u010dipem.<\/p>\n\n\n\n<p class=\"has-text-align-right\">Servis a poruchy.&nbsp;Jako u v\u011bt\u0161iny na\u0161ich slu\u017eeb je samoz\u0159ejmost\u00ed kompletn\u00ed servis a mo\u017enost vyu\u017eit\u00ed HOTLINE linky pro ozn\u00e1men\u00ed poruch apod.<\/p>\n\n\n\n<p class=\"has-text-align-right\">Online kontrola&nbsp;(pov\u011b\u0159en\u00fdm \u010dlenem SVJ, SBD apod.)<\/p>\n<\/div><\/div>\n\n<\/div><\/div>\n\n<style>.kb-row-layout-id394_fe632d-3e > .kt-row-column-wrap{align-content:start;}:where(.kb-row-layout-id394_fe632d-3e > .kt-row-column-wrap) > .wp-block-kadence-column{justify-content:start;}.kb-row-layout-id394_fe632d-3e > .kt-row-column-wrap{column-gap:var(--global-kb-gap-md, 2rem);row-gap:var(--global-kb-gap-md, 2rem);max-width:var( --global-content-width, 1290px );padding-left:var(--global-content-edge-padding);padding-right:var(--global-content-edge-padding);padding-top:38px;padding-bottom:25px;grid-template-columns:repeat(2, minmax(0, 1fr));}.kb-row-layout-id394_fe632d-3e > .kt-row-layout-overlay{opacity:0.30;background-color:var(--global-palette1, #3182CE);}@media all and (max-width: 1024px){.kb-row-layout-id394_fe632d-3e > .kt-row-column-wrap{grid-template-columns:repeat(2, minmax(0, 1fr));}}@media all and (max-width: 767px){.kb-row-layout-id394_fe632d-3e > .kt-row-column-wrap{grid-template-columns:minmax(0, 1fr);}}<\/style><div class=\"kb-row-layout-wrap kb-row-layout-id394_fe632d-3e alignnone kt-row-has-bg wp-block-kadence-rowlayout\"><div class=\"kt-row-layout-overlay kt-row-overlay-normal\"><\/div><div class=\"kt-row-column-wrap kt-has-2-columns kt-row-layout-equal kt-tab-layout-inherit kt-mobile-layout-row kt-row-valign-top kb-theme-content-width\">\n<style>.kadence-column394_510fdf-3b > .kt-inside-inner-col,.kadence-column394_510fdf-3b > .kt-inside-inner-col:before{border-top-left-radius:0px;border-top-right-radius:0px;border-bottom-right-radius:0px;border-bottom-left-radius:0px;}.kadence-column394_510fdf-3b > .kt-inside-inner-col{column-gap:var(--global-kb-gap-sm, 1rem);}.kadence-column394_510fdf-3b > .kt-inside-inner-col{flex-direction:column;}.kadence-column394_510fdf-3b > .kt-inside-inner-col > .aligncenter{width:100%;}.kadence-column394_510fdf-3b > .kt-inside-inner-col:before{opacity:0.3;}.kadence-column394_510fdf-3b{position:relative;}@media all and (max-width: 1024px){.kadence-column394_510fdf-3b > .kt-inside-inner-col{flex-direction:column;justify-content:center;}}@media all and (max-width: 767px){.kadence-column394_510fdf-3b > .kt-inside-inner-col{flex-direction:column;justify-content:center;}}<\/style>\n<div class=\"wp-block-kadence-column kadence-column394_510fdf-3b inner-column-1\"><div class=\"kt-inside-inner-col\">\n<h5 class=\"wp-block-heading\">Pokud m\u00e1m o elektronick\u00fd z\u00e1mek&nbsp;z\u00e1jem?<\/h5>\n\n\n\n<p>Pokud m\u00e1te o syst\u00e9m z\u00e1jem,&nbsp;zastavte se v na\u0161\u00ed kancel\u00e1\u0159i, kde m\u016f\u017eeme domluvit i p\u0159\u00edpadnou prohl\u00eddku ji\u017e instalovan\u00fdch z\u00e1mk\u016f. P\u0159i t\u00e9 p\u0159\u00edle\u017eitosti m\u016f\u017eeme odpov\u011bd\u011bt na Va\u0161e ot\u00e1zky nebo domluvit realizaci.<\/p>\n\n\n\n<h5 class=\"wp-block-heading\">Kam mohu syst\u00e9m&nbsp;nainstalovat?<\/h5>\n\n\n\n<p>Syst\u00e9m lze nainstalovat t\u00e9m\u011b\u0159 na jak\u00e9koliv dve\u0159e. Nejv\u00edce jsou v\u0161ak instalov\u00e1ny v panelov\u00fdch domech SVJ, SBD&nbsp;jako z\u00e1mky do vchodov\u00fdch dve\u0159\u00ed.<\/p>\n<\/div><\/div>\n\n\n<style>.kadence-column394_c2152d-16 > .kt-inside-inner-col,.kadence-column394_c2152d-16 > .kt-inside-inner-col:before{border-top-left-radius:0px;border-top-right-radius:0px;border-bottom-right-radius:0px;border-bottom-left-radius:0px;}.kadence-column394_c2152d-16 > .kt-inside-inner-col{column-gap:var(--global-kb-gap-sm, 1rem);}.kadence-column394_c2152d-16 > .kt-inside-inner-col{flex-direction:column;}.kadence-column394_c2152d-16 > .kt-inside-inner-col > .aligncenter{width:100%;}.kadence-column394_c2152d-16 > .kt-inside-inner-col:before{opacity:0.3;}.kadence-column394_c2152d-16{position:relative;}@media all and (max-width: 1024px){.kadence-column394_c2152d-16 > .kt-inside-inner-col{flex-direction:column;justify-content:center;}}@media all and (max-width: 767px){.kadence-column394_c2152d-16 > .kt-inside-inner-col{flex-direction:column;justify-content:center;}}<\/style>\n<div class=\"wp-block-kadence-column kadence-column394_c2152d-16 inner-column-2\"><div class=\"kt-inside-inner-col\">\n<h5 class=\"wp-block-heading has-text-align-right\">Kolik elektronick\u00e9 z\u00e1mky&nbsp;stoj\u00ed?<\/h5>\n\n\n\n<p class=\"has-text-align-right\">Cenovou nab\u00eddku V\u00e1m r\u00e1di nab\u00eddneme osobn\u011b. Vyu\u017eijte na\u0161e&nbsp;kontakty.<\/p>\n\n\n\n<h5 class=\"wp-block-heading has-text-align-right\">Cena&nbsp;zahrnuje:<\/h5>\n\n\n\n<p class=\"has-text-align-right\">Kompletn\u00ed p\u0159\u00edstupov\u00fd syst\u00e9m (\u0159\u00edd\u00edc\u00ed jednotka, bateriov\u00e1 z\u00e1loha, nap\u00e1jen\u00ed, \u010dte\u010dka \u010dip\u016f u dve\u0159\u00ed.<br>Pot\u0159ebn\u00e1 kabel\u00e1\u017e.<br>Mont\u00e1\u017e.<br>P\u0159ipojen\u00ed k s\u00edti internet.<br>Technickou podporu.<\/p>\n\n\n\n<h5 class=\"wp-block-heading has-text-align-right\">Cena&nbsp;nezahrnuje:<\/h5>\n\n\n\n<p class=\"has-text-align-right\">P\u0159\u00edstupov\u00e9 \u010dipy.<\/p>\n<\/div><\/div>\n\n<\/div><\/div>","protected":false},"excerpt":{"rendered":"<p>Poskytujeme: Na\u0161e firma&nbsp;m\u016f\u017ee poskytnout takt\u00e9\u017e elektronick\u00e9 p\u0159\u00edstupov\u00e9 syst\u00e9my. Vzhledem k tomu, \u017ee nab\u00edz\u00edme&nbsp;internetov\u00e9 p\u0159ipojen\u00ed&nbsp;do v\u0161ech panelov\u00fdch dom\u016f, jsme schopni tyto syst\u00e9my napojit do s\u00edt\u011b internetu a t\u00edm z\u00edskat mnoho zaj\u00edmav\u00fdch funkc\u00ed. Kdy\u017e&nbsp;ztrat\u00edm&nbsp;\u010dip? Ztracen\u00fd \u010dip m\u016f\u017ee b\u00fdt nahrazen za nov\u00fd a ztracen\u00fd se jednodu\u0161e zablokuje. To v\u0161e m\u016f\u017ee ud\u011blat zvolen\u00fd spr\u00e1vce syst\u00e9mu z domova nebo kancel\u00e1\u0159e&#8230;.<\/p>\n","protected":false},"author":5,"featured_media":0,"parent":0,"menu_order":0,"comment_status":"closed","ping_status":"closed","template":"","meta":{"_eb_attr":"","_kad_post_transparent":"","_kad_post_title":"","_kad_post_layout":"","_kad_post_sidebar_id":"","_kad_post_content_style":"","_kad_post_vertical_padding":"","_kad_post_feature":"","_kad_post_feature_position":"","_kad_post_header":false,"_kad_post_footer":false,"_kad_post_classname":"","footnotes":""},"class_list":["post-394","page","type-page","status-publish","hentry"],"_links":{"self":[{"href":"https:\/\/www.kabel1.cz\/www\/wp-json\/wp\/v2\/pages\/394","targetHints":{"allow":["GET"]}}],"collection":[{"href":"https:\/\/www.kabel1.cz\/www\/wp-json\/wp\/v2\/pages"}],"about":[{"href":"https:\/\/www.kabel1.cz\/www\/wp-json\/wp\/v2\/types\/page"}],"author":[{"embeddable":true,"href":"https:\/\/www.kabel1.cz\/www\/wp-json\/wp\/v2\/users\/5"}],"replies":[{"embeddable":true,"href":"https:\/\/www.kabel1.cz\/www\/wp-json\/wp\/v2\/comments?post=394"}],"version-history":[{"count":25,"href":"https:\/\/www.kabel1.cz\/www\/wp-json\/wp\/v2\/pages\/394\/revisions"}],"predecessor-version":[{"id":15805,"href":"https:\/\/www.kabel1.cz\/www\/wp-json\/wp\/v2\/pages\/394\/revisions\/15805"}],"wp:attachment":[{"href":"https:\/\/www.kabel1.cz\/www\/wp-json\/wp\/v2\/media?parent=394"}],"curies":[{"name":"wp","href":"https:\/\/api.w.org\/{rel}","templated":true}]}}