{"id":392,"date":"2022-08-12T10:22:05","date_gmt":"2022-08-12T08:22:05","guid":{"rendered":"https:\/\/www2.kabel1.cz\/?page_id=392"},"modified":"2024-07-10T09:41:35","modified_gmt":"2024-07-10T07:41:35","slug":"kamerove-systemy","status":"publish","type":"page","link":"https:\/\/www.kabel1.cz\/www\/kamerove-systemy\/","title":{"rendered":"Kamerov\u00e9 syst\u00e9my"},"content":{"rendered":"<style>.kb-row-layout-id392_30865b-90 > .kt-row-column-wrap{align-content:start;}:where(.kb-row-layout-id392_30865b-90 > .kt-row-column-wrap) > .wp-block-kadence-column{justify-content:start;}.kb-row-layout-id392_30865b-90 > .kt-row-column-wrap{column-gap:var(--global-kb-gap-md, 2rem);row-gap:var(--global-kb-gap-md, 2rem);max-width:var( --global-content-width, 1290px );padding-left:var(--global-content-edge-padding);padding-right:var(--global-content-edge-padding);padding-top:25px;padding-bottom:0px;grid-template-columns:repeat(2, minmax(0, 1fr));}.kb-row-layout-id392_30865b-90 > .kt-row-layout-overlay{opacity:0.30;background-color:var(--global-palette2, #2B6CB0);}@media all and (max-width: 1024px){.kb-row-layout-id392_30865b-90 > .kt-row-column-wrap{grid-template-columns:repeat(2, minmax(0, 1fr));}}@media all and (max-width: 767px){.kb-row-layout-id392_30865b-90 > .kt-row-column-wrap{grid-template-columns:minmax(0, 1fr);}}<\/style><div class=\"kb-row-layout-wrap kb-row-layout-id392_30865b-90 alignnone kt-row-has-bg wp-block-kadence-rowlayout\"><div class=\"kt-row-layout-overlay kt-row-overlay-normal\"><\/div><div class=\"kt-row-column-wrap kt-has-2-columns kt-row-layout-equal kt-tab-layout-inherit kt-mobile-layout-row kt-row-valign-top kb-theme-content-width\">\n<style>.kadence-column392_5e63d5-5c > .kt-inside-inner-col,.kadence-column392_5e63d5-5c > .kt-inside-inner-col:before{border-top-left-radius:0px;border-top-right-radius:0px;border-bottom-right-radius:0px;border-bottom-left-radius:0px;}.kadence-column392_5e63d5-5c > .kt-inside-inner-col{column-gap:var(--global-kb-gap-sm, 1rem);}.kadence-column392_5e63d5-5c > .kt-inside-inner-col{flex-direction:column;}.kadence-column392_5e63d5-5c > .kt-inside-inner-col > .aligncenter{width:100%;}.kadence-column392_5e63d5-5c > .kt-inside-inner-col:before{opacity:0.3;}.kadence-column392_5e63d5-5c{position:relative;}@media all and (max-width: 1024px){.kadence-column392_5e63d5-5c > .kt-inside-inner-col{flex-direction:column;justify-content:center;}}@media all and (max-width: 767px){.kadence-column392_5e63d5-5c > .kt-inside-inner-col{flex-direction:column;justify-content:center;}}<\/style>\n<div class=\"wp-block-kadence-column kadence-column392_5e63d5-5c inner-column-1\"><div class=\"kt-inside-inner-col\">\n<h5 class=\"wp-block-heading\">Jak\u00e9 syst\u00e9my&nbsp;pou\u017e\u00edv\u00e1me<\/h5>\n\n\n\n<p>Nab\u00edz\u00edme kamerov\u00e9 syst\u00e9my postaven\u00e9 na OpenSource programu ZoneMinder a syst\u00e9my Ubiquiti.<\/p>\n\n\n\n<h5 class=\"wp-block-heading\">Kolik to&nbsp;stoj\u00ed?<\/h5>\n\n\n\n<p>Kamerov\u00e9 syst\u00e9my od na\u0161\u00ed spole\u010dnosti instalujeme zadarmo. Vy plat\u00edte pouze pron\u00e1jem kamer.<br>Ve\u0161ker\u00e9 pap\u00edrov\u00e9 ohl\u00e1\u0161en\u00ed a povolen\u00ed na p\u0159\u00edslu\u0161n\u00fdch \u00fa\u0159adech za\u0159\u00edd\u00edme my.<\/p>\n\n\n\n<p>Pokud bude kamera odcizena, \u010di po\u0161kozena, vym\u011bn\u00edme ji na na\u0161e n\u00e1klady.<br>V t\u00e9to cen\u011b je z\u00e1rove\u0148 i pravideln\u00fd servis, p\u0159\u00edpadn\u00e9 nato\u010den\u00ed kamery podle z\u00e1kazn\u00edka apod.<\/p>\n\n\n\n<p>Kompletn\u00ed cen\u00edk naleznete v sekci <a href=\"https:\/\/www.kabel1.cz\/www\/ceniky\/\" data-type=\"page\" data-id=\"380\">cen\u00edky<\/a>.<\/p>\n<\/div><\/div>\n\n\n<style>.kadence-column392_3b4f63-5f > .kt-inside-inner-col,.kadence-column392_3b4f63-5f > .kt-inside-inner-col:before{border-top-left-radius:0px;border-top-right-radius:0px;border-bottom-right-radius:0px;border-bottom-left-radius:0px;}.kadence-column392_3b4f63-5f > .kt-inside-inner-col{column-gap:var(--global-kb-gap-sm, 1rem);}.kadence-column392_3b4f63-5f > .kt-inside-inner-col{flex-direction:column;}.kadence-column392_3b4f63-5f > .kt-inside-inner-col > .aligncenter{width:100%;}.kadence-column392_3b4f63-5f > .kt-inside-inner-col:before{opacity:0.3;}.kadence-column392_3b4f63-5f{position:relative;}@media all and (max-width: 1024px){.kadence-column392_3b4f63-5f > .kt-inside-inner-col{flex-direction:column;justify-content:center;}}@media all and (max-width: 767px){.kadence-column392_3b4f63-5f > .kt-inside-inner-col{flex-direction:column;justify-content:center;}}<\/style>\n<div class=\"wp-block-kadence-column kadence-column392_3b4f63-5f inner-column-2\"><div class=\"kt-inside-inner-col\">\n<h5 class=\"wp-block-heading has-text-align-right\">Pokud m\u00e1m z\u00e1jem o&nbsp;kamerov\u00fd syst\u00e9m<\/h5>\n\n\n\n<p class=\"has-text-align-right\">V p\u0159\u00edpad\u011b z\u00e1jmu n\u00e1s pros\u00edm kontaktujte. A to nejl\u00e9pe v kancel\u00e1\u0159i, nebo telefonicky na n\u011bkter\u00e9m z na\u0161ich kontakt\u016f.<\/p>\n\n\n\n<h5 class=\"wp-block-heading has-text-align-right\">Jak dlouh\u00fd&nbsp;je z\u00e1znam?<\/h5>\n\n\n\n<p class=\"has-text-align-right\">Z\u00e1znam z kamery se prov\u00e1d\u00ed na na\u0161e servery, tud\u00ed\u017e op\u011bt odpad\u00e1 nutnost investovat do takov\u00e9ho za\u0159\u00edzen\u00ed. Doba z\u00e1znamu je minim\u00e1ln\u011b 10 dn\u00ed zp\u011btn\u011b.<\/p>\n\n\n\n<p class=\"has-text-align-right\">P\u0159\u00edstup do z\u00e1znamu maj\u00ed jen lid\u00e9 k tomu ur\u010deni a z\u00e1znam se vyd\u00e1v\u00e1 pouze p\u0159edem domluven\u00fdm osob\u00e1m. Oproti konkuren\u010dn\u00edm spole\u010dnostem tento z\u00e1znam vyd\u00e1me zdarma.<\/p>\n<\/div><\/div>\n\n<\/div><\/div>\n\n<style>.kb-row-layout-id392_6ee62b-23 > .kt-row-column-wrap{align-content:start;}:where(.kb-row-layout-id392_6ee62b-23 > .kt-row-column-wrap) > .wp-block-kadence-column{justify-content:start;}.kb-row-layout-id392_6ee62b-23 > .kt-row-column-wrap{column-gap:var(--global-kb-gap-md, 2rem);row-gap:var(--global-kb-gap-md, 2rem);max-width:var( --global-content-width, 1290px );padding-left:var(--global-content-edge-padding);padding-right:var(--global-content-edge-padding);padding-top:129px;padding-bottom:25px;grid-template-columns:repeat(2, minmax(0, 1fr));}.kb-row-layout-id392_6ee62b-23 > .kt-row-layout-overlay{opacity:0.30;}.kb-row-layout-id392_6ee62b-23 .kt-row-layout-bottom-sep{height:100px;}.kb-row-layout-id392_6ee62b-23 .kt-row-layout-bottom-sep svg{width:100%;}.kb-row-layout-id392_6ee62b-23 .kt-row-layout-bottom-sep svg{fill:#ffffff!important;}.kb-row-layout-id392_6ee62b-23 .kt-row-layout-top-sep{height:100px;}.kb-row-layout-id392_6ee62b-23 .kt-row-layout-top-sep svg{width:100%;}.kb-row-layout-id392_6ee62b-23 .kt-row-layout-top-sep svg{fill:#a7d4dc!important;}@media all and (max-width: 1024px){.kb-row-layout-id392_6ee62b-23 > .kt-row-column-wrap{grid-template-columns:repeat(2, minmax(0, 1fr));}}@media all and (max-width: 1024px){.kb-row-layout-id392_6ee62b-23 .kt-row-layout-bottom-sep{height:px;}}@media all and (max-width: 1024px){.kb-row-layout-id392_6ee62b-23 .kt-row-layout-bottom-sep svg{width:%;}}@media all and (max-width: 767px){.kb-row-layout-id392_6ee62b-23 > .kt-row-column-wrap{grid-template-columns:minmax(0, 1fr);}.kb-row-layout-id392_6ee62b-23 .kt-row-layout-bottom-sep{height:px;}.kb-row-layout-id392_6ee62b-23 .kt-row-layout-bottom-sep svg{width:%;}}<\/style><div class=\"kb-row-layout-wrap kb-row-layout-id392_6ee62b-23 alignnone wp-block-kadence-rowlayout\"><div class=\"kt-row-layout-top-sep kt-row-sep-type-crvr\"><svg viewBox=\"0 0 1000 100\" preserveAspectRatio=\"none\"><path d=\"M1000,100c0,0 -120.987,-98 -350,-98c-229.013,0 -650,98 -650,98l1000,0Z\" \/><\/svg><\/div><div class=\"kt-row-column-wrap kt-has-2-columns kt-row-layout-equal kt-tab-layout-inherit kt-mobile-layout-row kt-row-valign-top kb-theme-content-width\">\n<style>.kadence-column392_2f6efd-b5 > .kt-inside-inner-col,.kadence-column392_2f6efd-b5 > .kt-inside-inner-col:before{border-top-left-radius:0px;border-top-right-radius:0px;border-bottom-right-radius:0px;border-bottom-left-radius:0px;}.kadence-column392_2f6efd-b5 > .kt-inside-inner-col{column-gap:var(--global-kb-gap-sm, 1rem);}.kadence-column392_2f6efd-b5 > .kt-inside-inner-col{flex-direction:column;}.kadence-column392_2f6efd-b5 > .kt-inside-inner-col > .aligncenter{width:100%;}.kadence-column392_2f6efd-b5 > .kt-inside-inner-col:before{opacity:0.3;}.kadence-column392_2f6efd-b5{position:relative;}@media all and (max-width: 1024px){.kadence-column392_2f6efd-b5 > .kt-inside-inner-col{flex-direction:column;justify-content:center;}}@media all and (max-width: 767px){.kadence-column392_2f6efd-b5 > .kt-inside-inner-col{flex-direction:column;justify-content:center;}}<\/style>\n<div class=\"wp-block-kadence-column kadence-column392_2f6efd-b5 inner-column-1\"><div class=\"kt-inside-inner-col\">\n<h5 class=\"wp-block-heading\">Kde jsme&nbsp;kamery&nbsp;instalovali?<\/h5>\n\n\n\n<p>Kamerov\u00e9 syst\u00e9my jsou n\u00e1mi realizov\u00e1ny p\u0159edev\u0161\u00edm do vstupn\u00edch chodeb panelov\u00fdch dom\u016f, kabin v\u00fdtah\u016f apod.<\/p>\n\n\n\n<p>Spolupracujeme s SVJ a domy pod spr\u00e1vou Bytov\u00e9ho dru\u017estva v Kl\u00e1\u0161terci nad Oh\u0159\u00ed.<\/p>\n\n\n\n<p>Za\u0159\u00edzen\u00ed lze samoz\u0159ejm\u011b instalovat kamkoliv, podm\u00ednkou je ale&nbsp;p\u0159\u00edstup k internetu, kter\u00fd takt\u00e9\u017e m\u016f\u017eeme nab\u00eddnout.<\/p>\n<\/div><\/div>\n\n\n<style>.kadence-column392_e07d67-34 > .kt-inside-inner-col,.kadence-column392_e07d67-34 > .kt-inside-inner-col:before{border-top-left-radius:0px;border-top-right-radius:0px;border-bottom-right-radius:0px;border-bottom-left-radius:0px;}.kadence-column392_e07d67-34 > .kt-inside-inner-col{column-gap:var(--global-kb-gap-sm, 1rem);}.kadence-column392_e07d67-34 > .kt-inside-inner-col{flex-direction:column;}.kadence-column392_e07d67-34 > .kt-inside-inner-col > .aligncenter{width:100%;}.kadence-column392_e07d67-34 > .kt-inside-inner-col:before{opacity:0.3;}.kadence-column392_e07d67-34{position:relative;}@media all and (max-width: 1024px){.kadence-column392_e07d67-34 > .kt-inside-inner-col{flex-direction:column;justify-content:center;}}@media all and (max-width: 767px){.kadence-column392_e07d67-34 > .kt-inside-inner-col{flex-direction:column;justify-content:center;}}<\/style>\n<div class=\"wp-block-kadence-column kadence-column392_e07d67-34 inner-column-2\"><div class=\"kt-inside-inner-col\">\n<h5 class=\"wp-block-heading has-text-align-right\">Jsou kamerov\u00e9 syst\u00e9my&nbsp;kontrolov\u00e1ny?<\/h5>\n\n\n\n<p class=\"has-text-align-right\">Kontroly funk\u010dnosti syst\u00e9mu jsou naprostou samoz\u0159ejmost\u00ed. V p\u0159\u00edpad\u011b odcizen\u00ed kamery,&nbsp;jsme okam\u017eit\u011b informov\u00e1ni a situace se za\u010d\u00edn\u00e1 \u0159e\u0161it. V pravideln\u00e9m intervalu jsou kamery kontrolov\u00e1ny softwarov\u011b a i technikem. Ani datov\u00e1 centra nejsou bez kontroly, zde se hl\u00edd\u00e1 nep\u0159etr\u017eit\u011b prostor pro z\u00e1znamy a stav pevn\u00fdch disk\u016f.<\/p>\n\n\n\n<p class=\"has-text-align-right\">Odpad\u00e1 tak situace, kdy u\u017eivatel kamerov\u00e9ho syst\u00e9mu zjist\u00ed jeho i n\u011bkolika m\u011bs\u00ed\u010dn\u00ed nefunk\u010dnost v dob\u011b, kdy hled\u00e1 z\u00e1znam n\u011bjak\u00e9 nemil\u00e9 situace.<\/p>\n<\/div><\/div>\n\n<\/div><\/div>","protected":false},"excerpt":{"rendered":"<p>Jak\u00e9 syst\u00e9my&nbsp;pou\u017e\u00edv\u00e1me Nab\u00edz\u00edme kamerov\u00e9 syst\u00e9my postaven\u00e9 na OpenSource programu ZoneMinder a syst\u00e9my Ubiquiti. Kolik to&nbsp;stoj\u00ed? Kamerov\u00e9 syst\u00e9my od na\u0161\u00ed spole\u010dnosti instalujeme zadarmo. Vy plat\u00edte pouze pron\u00e1jem kamer.Ve\u0161ker\u00e9 pap\u00edrov\u00e9 ohl\u00e1\u0161en\u00ed a povolen\u00ed na p\u0159\u00edslu\u0161n\u00fdch \u00fa\u0159adech za\u0159\u00edd\u00edme my. Pokud bude kamera odcizena, \u010di po\u0161kozena, vym\u011bn\u00edme ji na na\u0161e n\u00e1klady.V t\u00e9to cen\u011b je z\u00e1rove\u0148 i pravideln\u00fd servis, p\u0159\u00edpadn\u00e9&#8230;<\/p>\n","protected":false},"author":5,"featured_media":0,"parent":0,"menu_order":0,"comment_status":"closed","ping_status":"closed","template":"","meta":{"_eb_attr":"","_kad_post_transparent":"","_kad_post_title":"","_kad_post_layout":"","_kad_post_sidebar_id":"","_kad_post_content_style":"","_kad_post_vertical_padding":"","_kad_post_feature":"","_kad_post_feature_position":"","_kad_post_header":false,"_kad_post_footer":false,"_kad_post_classname":"","footnotes":""},"class_list":["post-392","page","type-page","status-publish","hentry"],"_links":{"self":[{"href":"https:\/\/www.kabel1.cz\/www\/wp-json\/wp\/v2\/pages\/392","targetHints":{"allow":["GET"]}}],"collection":[{"href":"https:\/\/www.kabel1.cz\/www\/wp-json\/wp\/v2\/pages"}],"about":[{"href":"https:\/\/www.kabel1.cz\/www\/wp-json\/wp\/v2\/types\/page"}],"author":[{"embeddable":true,"href":"https:\/\/www.kabel1.cz\/www\/wp-json\/wp\/v2\/users\/5"}],"replies":[{"embeddable":true,"href":"https:\/\/www.kabel1.cz\/www\/wp-json\/wp\/v2\/comments?post=392"}],"version-history":[{"count":20,"href":"https:\/\/www.kabel1.cz\/www\/wp-json\/wp\/v2\/pages\/392\/revisions"}],"predecessor-version":[{"id":15743,"href":"https:\/\/www.kabel1.cz\/www\/wp-json\/wp\/v2\/pages\/392\/revisions\/15743"}],"wp:attachment":[{"href":"https:\/\/www.kabel1.cz\/www\/wp-json\/wp\/v2\/media?parent=392"}],"curies":[{"name":"wp","href":"https:\/\/api.w.org\/{rel}","templated":true}]}}