{"id":21720,"date":"2025-10-15T11:00:30","date_gmt":"2025-10-15T09:00:30","guid":{"rendered":"https:\/\/www.kabel1.cz\/www\/?page_id=21720"},"modified":"2025-11-04T10:55:37","modified_gmt":"2025-11-04T09:55:37","slug":"soutez-s-fiskars","status":"publish","type":"page","link":"https:\/\/www.kabel1.cz\/www\/soutez-s-fiskars\/","title":{"rendered":"Sout\u011b\u017e s FISKARS"},"content":{"rendered":"<style>.kb-row-layout-id21720_33d26a-4e > .kt-row-column-wrap{align-content:start;}:where(.kb-row-layout-id21720_33d26a-4e > .kt-row-column-wrap) > .wp-block-kadence-column{justify-content:start;}.kb-row-layout-id21720_33d26a-4e > .kt-row-column-wrap{column-gap:var(--global-kb-gap-md, 2rem);row-gap:var(--global-kb-gap-md, 2rem);max-width:var( --global-content-width, 1290px );padding-left:var(--global-content-edge-padding);padding-right:var(--global-content-edge-padding);padding-top:var(--global-kb-spacing-3xl, 6.5rem);padding-bottom:var(--global-kb-spacing-lg, 3rem);grid-template-columns:minmax(0, 1fr);}.kb-row-layout-id21720_33d26a-4e > .kt-row-layout-overlay{opacity:0.30;background-color:var(--global-palette6, #718096);}.kb-row-layout-id21720_33d26a-4e .kt-row-layout-top-sep{height:100px;}.kb-row-layout-id21720_33d26a-4e .kt-row-layout-top-sep svg{width:100%;}.kb-row-layout-id21720_33d26a-4e .kt-row-layout-top-sep svg{fill:#ffffff!important;}@media all and (max-width: 1024px){.kb-row-layout-id21720_33d26a-4e > .kt-row-column-wrap{grid-template-columns:minmax(0, 1fr);}}@media all and (max-width: 767px){.kb-row-layout-id21720_33d26a-4e > .kt-row-column-wrap{grid-template-columns:minmax(0, 1fr);}}<\/style><div class=\"kb-row-layout-wrap kb-row-layout-id21720_33d26a-4e alignnone kt-row-has-bg wp-block-kadence-rowlayout\"><div class=\"kt-row-layout-overlay kt-row-overlay-normal\"><\/div><div class=\"kt-row-layout-top-sep kt-row-sep-type-crvli\"><svg viewBox=\"0 0 1000 100\" preserveAspectRatio=\"none\"><path d=\"M1000,0c0,0 -420.987,98 -650,98c-229.013,0 -350,-98 -350,-98l0,100l1000,0l0,-100Z\" \/><\/svg><\/div><div class=\"kt-row-column-wrap kt-has-1-columns kt-row-layout-equal kt-tab-layout-inherit kt-mobile-layout-row kt-row-valign-top kb-theme-content-width\">\n<style>.kadence-column21720_224131-ad > .kt-inside-inner-col,.kadence-column21720_224131-ad > .kt-inside-inner-col:before{border-top-left-radius:0px;border-top-right-radius:0px;border-bottom-right-radius:0px;border-bottom-left-radius:0px;}.kadence-column21720_224131-ad > .kt-inside-inner-col{column-gap:var(--global-kb-gap-sm, 1rem);}.kadence-column21720_224131-ad > .kt-inside-inner-col{flex-direction:column;}.kadence-column21720_224131-ad > .kt-inside-inner-col > .aligncenter{width:100%;}.kadence-column21720_224131-ad > .kt-inside-inner-col:before{opacity:0.3;}.kadence-column21720_224131-ad{position:relative;}@media all and (max-width: 1024px){.kadence-column21720_224131-ad > .kt-inside-inner-col{flex-direction:column;justify-content:center;}}@media all and (max-width: 767px){.kadence-column21720_224131-ad > .kt-inside-inner-col{flex-direction:column;justify-content:center;}}<\/style>\n<div class=\"wp-block-kadence-column kadence-column21720_224131-ad\"><div class=\"kt-inside-inner-col\">\n<p class=\"has-large-font-size\"><strong>Sout\u011b\u017e s Fiskars<\/strong><\/p>\n\n\n\n<p><a href=\"https:\/\/www.kabel1.cz\/www\/2025\/11\/04\/vyhlaseni-vyhercu-souteze-s-fiskars\/\" data-type=\"post\" data-id=\"21877\">Ukon\u010deno, v\u00fdsledky naleznete zde&#8230;<\/a><\/p>\n\n\n\n<p>Mysl\u00edte, \u017ee m\u00e1te odhad jako elektrik\u00e1\u0159? Zkuste si tipnout, <strong>jak dlouh\u00fd je UTP kabel na fotce<\/strong> \u2013 a kdy\u017e se tref\u00edte nejbl\u00ed\u017e,<br><strong>m\u016f\u017eete vyhr\u00e1t par\u00e1dn\u00ed n\u016f\u017e FISKARS!<\/strong><\/p>\n\n\n\n<figure class=\"wp-block-image size-large is-resized\"><img loading=\"lazy\" decoding=\"async\" width=\"1024\" height=\"576\" src=\"https:\/\/www.kabel1.cz\/www\/wp-content\/uploads\/2025\/10\/soutezFISKARS-1024x576.png\" alt=\"\" class=\"wp-image-21719\" style=\"width:490px\" srcset=\"https:\/\/www.kabel1.cz\/www\/wp-content\/uploads\/2025\/10\/soutezFISKARS-1024x576.png 1024w, https:\/\/www.kabel1.cz\/www\/wp-content\/uploads\/2025\/10\/soutezFISKARS-300x169.png 300w, https:\/\/www.kabel1.cz\/www\/wp-content\/uploads\/2025\/10\/soutezFISKARS-768x432.png 768w, https:\/\/www.kabel1.cz\/www\/wp-content\/uploads\/2025\/10\/soutezFISKARS.png 1200w\" sizes=\"auto, (max-width: 1024px) 100vw, 1024px\" \/><\/figure>\n\n\n\n<p>Mrkn\u011bte na fotku kabelu a po\u0161lete sv\u016fj tip v metrech n\u00ed\u017ee pomoc\u00ed formul\u00e1\u0159e.<\/p>\n\n\n\n<figure class=\"wp-block-image size-large is-resized\"><a href=\"https:\/\/www.kabel1.cz\/www\/wp-content\/uploads\/2025\/10\/Obrazek-WhatsApp-2025-10-15-v-10.42.17_964f6677.jpg\"><img loading=\"lazy\" decoding=\"async\" width=\"1024\" height=\"913\" src=\"https:\/\/www.kabel1.cz\/www\/wp-content\/uploads\/2025\/10\/Obrazek-WhatsApp-2025-10-15-v-10.42.17_964f6677-1024x913.jpg\" alt=\"\" class=\"wp-image-21725\" style=\"width:491px;height:auto\" srcset=\"https:\/\/www.kabel1.cz\/www\/wp-content\/uploads\/2025\/10\/Obrazek-WhatsApp-2025-10-15-v-10.42.17_964f6677-1024x913.jpg 1024w, https:\/\/www.kabel1.cz\/www\/wp-content\/uploads\/2025\/10\/Obrazek-WhatsApp-2025-10-15-v-10.42.17_964f6677-300x267.jpg 300w, https:\/\/www.kabel1.cz\/www\/wp-content\/uploads\/2025\/10\/Obrazek-WhatsApp-2025-10-15-v-10.42.17_964f6677-768x685.jpg 768w, https:\/\/www.kabel1.cz\/www\/wp-content\/uploads\/2025\/10\/Obrazek-WhatsApp-2025-10-15-v-10.42.17_964f6677.jpg 1292w\" sizes=\"auto, (max-width: 1024px) 100vw, 1024px\" \/><\/a><\/figure>\n\n\n\n<p><strong>Tak co, tipnete si 10, 30, 50 nebo jin\u00fd po\u010det metr\u016f?<\/strong><\/p>\n\n\n\n<p>Zas\u00edlejte pouze tipy v <strong>cel\u00fdch metrech<\/strong> (zaokrouhlen\u00e9 na nejbli\u017e\u0161\u00ed cel\u00e9 \u010d\u00edslo). V\u00edt\u011bzn\u00e1 hodnota bude ur\u010dena podle odchylky od skute\u010dn\u00e9 metr\u00e1\u017ee kabelu.<\/p>\n\n\n\n<figure class=\"wp-block-image size-full is-resized\"><img loading=\"lazy\" decoding=\"async\" width=\"660\" height=\"457\" src=\"https:\/\/www.kabel1.cz\/www\/wp-content\/uploads\/2025\/10\/metrazkosticky.jpg\" alt=\"\" class=\"wp-image-21785\" style=\"width:369px;height:auto\" srcset=\"https:\/\/www.kabel1.cz\/www\/wp-content\/uploads\/2025\/10\/metrazkosticky.jpg 660w, https:\/\/www.kabel1.cz\/www\/wp-content\/uploads\/2025\/10\/metrazkosticky-300x208.jpg 300w\" sizes=\"auto, (max-width: 660px) 100vw, 660px\" \/><\/figure>\n<\/div><\/div>\n\n<\/div><\/div>\n\n<style>.kb-row-layout-id21720_61222f-f9 > .kt-row-column-wrap{align-content:start;}:where(.kb-row-layout-id21720_61222f-f9 > .kt-row-column-wrap) > .wp-block-kadence-column{justify-content:start;}.kb-row-layout-id21720_61222f-f9 > .kt-row-column-wrap{column-gap:var(--global-kb-gap-md, 2rem);row-gap:var(--global-kb-gap-md, 2rem);max-width:var( --global-content-width, 1290px );padding-left:var(--global-content-edge-padding);padding-right:var(--global-content-edge-padding);padding-top:var(--global-kb-spacing-sm, 1.5rem);padding-bottom:var(--global-kb-spacing-sm, 1.5rem);grid-template-columns:minmax(0, 1fr);}.kb-row-layout-id21720_61222f-f9 > .kt-row-layout-overlay{opacity:0.30;}@media all and (max-width: 1024px){.kb-row-layout-id21720_61222f-f9 > .kt-row-column-wrap{grid-template-columns:minmax(0, 1fr);}}@media all and (max-width: 767px){.kb-row-layout-id21720_61222f-f9 > .kt-row-column-wrap{grid-template-columns:minmax(0, 1fr);}}<\/style><div class=\"kb-row-layout-wrap kb-row-layout-id21720_61222f-f9 alignnone wp-block-kadence-rowlayout\"><div class=\"kt-row-column-wrap kt-has-1-columns kt-row-layout-equal kt-tab-layout-inherit kt-mobile-layout-row kt-row-valign-top kb-theme-content-width\">\n<style>.kadence-column21720_4b09ed-fb > .kt-inside-inner-col,.kadence-column21720_4b09ed-fb > .kt-inside-inner-col:before{border-top-left-radius:0px;border-top-right-radius:0px;border-bottom-right-radius:0px;border-bottom-left-radius:0px;}.kadence-column21720_4b09ed-fb > .kt-inside-inner-col{column-gap:var(--global-kb-gap-sm, 1rem);}.kadence-column21720_4b09ed-fb > .kt-inside-inner-col{flex-direction:column;}.kadence-column21720_4b09ed-fb > .kt-inside-inner-col > .aligncenter{width:100%;}.kadence-column21720_4b09ed-fb > .kt-inside-inner-col:before{opacity:0.3;}.kadence-column21720_4b09ed-fb{position:relative;}@media all and (max-width: 1024px){.kadence-column21720_4b09ed-fb > .kt-inside-inner-col{flex-direction:column;justify-content:center;}}@media all and (max-width: 767px){.kadence-column21720_4b09ed-fb > .kt-inside-inner-col{flex-direction:column;justify-content:center;}}<\/style>\n<div class=\"wp-block-kadence-column kadence-column21720_4b09ed-fb\"><div class=\"kt-inside-inner-col\">\n<h5 class=\"wp-block-heading\"><strong>Co je v\u00fdhrou?<\/strong><\/h5>\n\n\n\n<p class=\"has-text-color has-link-color wp-elements-a8c01f1cf90ad621691129fcd2ef5016\" style=\"color:#e67529\"><strong>A\u017e t\u0159i kusy no\u017ee FISKARS PRO.<\/strong><\/p>\n\n\n\n<p><strong>Tip na d\u00e9lku kabelu zadejte do formul\u00e1\u0159e n\u00ed\u017ee a ode\u0161lete nejpozd\u011bji do 02.11.2025.<\/strong><br>Sout\u011b\u017e je ur\u010dena v\u00fdhradn\u011b pro z\u00e1kazn\u00edky <strong>KABEL1 Internet Provider<\/strong>.<br>V\u00fdhry si lze vyzvednout pouze osobn\u011b v kancel\u00e1\u0159i Kabel1 \u2013 zas\u00edl\u00e1n\u00ed po\u0161tou nen\u00ed mo\u017en\u00e9.<\/p>\n\n\n\n<p><strong>Vyhl\u00e1\u0161en\u00ed <\/strong>v\u00fdherc\u016f ze spr\u00e1vn\u00fdch typ\u016f prob\u011bhne v t\u00fddnu <strong>od 03.11.2025 do 07.11.2025<\/strong> a bude p\u0159izp\u016fsobeno po\u010dtu \u00fa\u010dastn\u00edk\u016f \u2013 vyhraje 1 a\u017e 3 sout\u011b\u017e\u00edc\u00ed, ka\u017ed\u00fd z\u00edsk\u00e1 jeden n\u016f\u017e (<em>1-5 sout\u011b\u017e\u00edc\u00edch = 1 n\u016f\u017e do sout\u011b\u017ee, 6-10 <em>sout\u011b\u017e\u00edc\u00edch<\/em><\/em> <em>= 2 no\u017ee a v\u00edce jak 10 <em>sout\u011b\u017e\u00edc\u00edch<\/em><\/em> <em>= 3 no\u017ee<\/em>). Pokud se objev\u00ed stejn\u00e9 tipy, po\u010d\u00edt\u00e1 se ten, kter\u00fd byl odeslan\u00fd jako prvn\u00ed.<br><\/p>\n\n\n\n<p class=\"has-theme-palette-1-color has-text-color has-link-color wp-elements-90d898c72276fc3e47b0da60cf593720\"><strong>V\u00edce \u00fa\u010dastn\u00edk\u016f znamen\u00e1 v\u00edce \u0161anc\u00ed vyhr\u00e1t! Sd\u00edlejte a \u0161i\u0159te d\u00e1l.<\/strong><\/p>\n\n\n\n<p><strong>V\u00fdhra bude vyd\u00e1na pouze osob\u00e1m star\u0161\u00edm 18 let.<\/strong><\/p>\n<\/div><\/div>\n\n<\/div><\/div>\n\n\n\n<style>.kb-row-layout-id21720_2f6a31-2a > .kt-row-column-wrap{align-content:start;}:where(.kb-row-layout-id21720_2f6a31-2a > .kt-row-column-wrap) > .wp-block-kadence-column{justify-content:start;}.kb-row-layout-id21720_2f6a31-2a > .kt-row-column-wrap{column-gap:var(--global-kb-gap-md, 2rem);row-gap:var(--global-kb-gap-md, 2rem);max-width:var( --global-content-width, 1290px );padding-left:var(--global-content-edge-padding);padding-right:var(--global-content-edge-padding);padding-top:var(--global-kb-spacing-sm, 1.5rem);padding-bottom:var(--global-kb-spacing-sm, 1.5rem);grid-template-columns:minmax(0, 1fr);}.kb-row-layout-id21720_2f6a31-2a > .kt-row-layout-overlay{opacity:0.30;}@media all and (max-width: 1024px){.kb-row-layout-id21720_2f6a31-2a > .kt-row-column-wrap{grid-template-columns:minmax(0, 1fr);}}@media all and (max-width: 767px){.kb-row-layout-id21720_2f6a31-2a > .kt-row-column-wrap{grid-template-columns:minmax(0, 1fr);}}<\/style><div class=\"kb-row-layout-wrap kb-row-layout-id21720_2f6a31-2a alignnone wp-block-kadence-rowlayout\"><div class=\"kt-row-column-wrap kt-has-1-columns kt-row-layout-equal kt-tab-layout-inherit kt-mobile-layout-row kt-row-valign-top kb-theme-content-width\">\n<style>.kadence-column21720_7682b8-18 > .kt-inside-inner-col,.kadence-column21720_7682b8-18 > .kt-inside-inner-col:before{border-top-left-radius:0px;border-top-right-radius:0px;border-bottom-right-radius:0px;border-bottom-left-radius:0px;}.kadence-column21720_7682b8-18 > .kt-inside-inner-col{column-gap:var(--global-kb-gap-sm, 1rem);}.kadence-column21720_7682b8-18 > .kt-inside-inner-col{flex-direction:column;}.kadence-column21720_7682b8-18 > .kt-inside-inner-col > .aligncenter{width:100%;}.kadence-column21720_7682b8-18 > .kt-inside-inner-col:before{opacity:0.3;}.kadence-column21720_7682b8-18{position:relative;}@media all and (max-width: 1024px){.kadence-column21720_7682b8-18 > .kt-inside-inner-col{flex-direction:column;justify-content:center;}}@media all and (max-width: 767px){.kadence-column21720_7682b8-18 > .kt-inside-inner-col{flex-direction:column;justify-content:center;}}<\/style>\n<div class=\"wp-block-kadence-column kadence-column21720_7682b8-18\"><div class=\"kt-inside-inner-col\"><style>.wp-block-kadence-column.kb-section-dir-horizontal > .kt-inside-inner-col > .kt-info-box21720_7fda7c-c3 .kt-blocks-info-box-link-wrap{max-width:unset;}.kt-info-box21720_7fda7c-c3 .kt-blocks-info-box-link-wrap{border-top:5px solid var(--global-palette3, #1A202C);border-right:5px solid var(--global-palette3, #1A202C);border-bottom:5px solid var(--global-palette3, #1A202C);border-left:5px solid var(--global-palette3, #1A202C);border-top-left-radius:20px;border-top-right-radius:20px;border-bottom-right-radius:20px;border-bottom-left-radius:20px;background:#ffffff;padding-top:24px;padding-right:24px;padding-bottom:24px;padding-left:24px;}.kt-info-box21720_7fda7c-c3 .kt-blocks-info-box-link-wrap:hover{background:#ffffff;}.kt-info-box21720_7fda7c-c3 .kadence-info-box-icon-container .kt-info-svg-icon, .kt-info-box21720_7fda7c-c3 .kt-info-svg-icon-flip, .kt-info-box21720_7fda7c-c3 .kt-blocks-info-box-number{font-size:50px;}.kt-info-box21720_7fda7c-c3 .kt-blocks-info-box-media{color:var(--global-palette1, #3182CE);background:#ffffff;border-color:var(--global-palette3, #1A202C);border-radius:200px;overflow:hidden;border-top-width:5px;border-right-width:5px;border-bottom-width:5px;border-left-width:5px;padding-top:20px;padding-right:20px;padding-bottom:20px;padding-left:20px;margin-top:0px;margin-right:20px;margin-bottom:0px;margin-left:0px;}.kt-info-box21720_7fda7c-c3 .kt-blocks-info-box-media .kadence-info-box-image-intrisic img{border-radius:200px;}.kt-info-box21720_7fda7c-c3 .kt-blocks-info-box-link-wrap:hover .kt-blocks-info-box-media{color:var(--global-palette1, #3182CE);background:#ffffff;border-color:var(--global-palette3, #1A202C);}.kt-info-box21720_7fda7c-c3 .kt-infobox-textcontent h6.kt-blocks-info-box-title{padding-top:0px;padding-right:0px;padding-bottom:0px;padding-left:0px;margin-top:5px;margin-right:0px;margin-bottom:10px;margin-left:0px;}.kt-info-box21720_7fda7c-c3 .kt-infobox-textcontent .kt-blocks-info-box-text{color:#555555;}.kt-info-box21720_7fda7c-c3 .kt-blocks-info-box-learnmore{background:transparent;border-color:#555555;border-width:0px 0px 0px 0px;padding-top:4px;padding-right:8px;padding-bottom:4px;padding-left:8px;margin-top:10px;margin-right:0px;margin-bottom:10px;margin-left:0px;}.kt-info-box21720_7fda7c-c3 .kt-blocks-info-box-link-wrap:hover .kt-blocks-info-box-learnmore,.kt-info-box21720_7fda7c-c3 .kt-blocks-info-box-link-wrap .kt-blocks-info-box-learnmore:focus{color:#ffffff;background:#444444;border-color:#444444;}@media all and (max-width: 1024px){.kt-info-box21720_7fda7c-c3 .kt-blocks-info-box-link-wrap{border-top:5px solid var(--global-palette3, #1A202C);border-right:5px solid var(--global-palette3, #1A202C);border-bottom:5px solid var(--global-palette3, #1A202C);border-left:5px solid var(--global-palette3, #1A202C);}}@media all and (max-width: 767px){.kt-info-box21720_7fda7c-c3 .kt-blocks-info-box-link-wrap{border-top:5px solid var(--global-palette3, #1A202C);border-right:5px solid var(--global-palette3, #1A202C);border-bottom:5px solid var(--global-palette3, #1A202C);border-left:5px solid var(--global-palette3, #1A202C);}}<\/style>\n<div class=\"wp-block-kadence-infobox kt-info-box21720_7fda7c-c3\"><span class=\"kt-blocks-info-box-link-wrap info-box-link kt-blocks-info-box-media-align-left kt-info-halign-left\"><div class=\"kt-blocks-info-box-media-container\"><div class=\"kt-blocks-info-box-media kt-info-media-animate-none\"><div class=\"kadence-info-box-icon-container kt-info-icon-animate-none\"><div class=\"kadence-info-box-icon-inner-container\"><span class=\"kb-svg-icon-wrap kb-svg-icon-fas_info-circle kt-info-svg-icon\"><svg viewBox=\"0 0 512 512\"  fill=\"currentColor\" xmlns=\"http:\/\/www.w3.org\/2000\/svg\"  aria-hidden=\"true\"><path d=\"M256 8C119.043 8 8 119.083 8 256c0 136.997 111.043 248 248 248s248-111.003 248-248C504 119.083 392.957 8 256 8zm0 110c23.196 0 42 18.804 42 42s-18.804 42-42 42-42-18.804-42-42 18.804-42 42-42zm56 254c0 6.627-5.373 12-12 12h-88c-6.627 0-12-5.373-12-12v-24c0-6.627 5.373-12 12-12h12v-64h-12c-6.627 0-12-5.373-12-12v-24c0-6.627 5.373-12 12-12h64c6.627 0 12 5.373 12 12v100h12c6.627 0 12 5.373 12 12v24z\"\/><\/svg><\/span><\/div><\/div><\/div><\/div><div class=\"kt-infobox-textcontent\"><h6 class=\"kt-blocks-info-box-title\">Zpr<em>a<\/em>cov<em>\u00e1<\/em>n\u00ed osobn\u00edch \u00fad<em>a<\/em>j\u016f<\/h6><p class=\"kt-blocks-info-box-text\">S \u00fa\u010d<em>a<\/em>st\u00ed v sout\u011b\u017ei souhlas\u00edte se zpr<em>a<\/em>cov<em>\u00e1<\/em>n\u00edm osobn\u00edch d<em>a<\/em>t a to jmenovit\u011b <strong>jm\u00e9no, adres<em>a<\/em> bydli\u0161t\u011b a em<em>a<\/em>il<\/strong>. Tyto d<em>a<\/em>t<em>a<\/em> jsou vy\u017e<em>a<\/em>dov<em>\u00e1<\/em>n<em>a<\/em> za \u00fa\u010delem zpr<em>a<\/em>cov<em>\u00e1<\/em>n\u00ed a vyhodnocen\u00ed sout\u011b\u017ee.<\/p><\/div><\/span><\/div>\n<\/div><\/div>\n\n<\/div><\/div>","protected":false},"excerpt":{"rendered":"<p>Sout\u011b\u017e s Fiskars Ukon\u010deno, v\u00fdsledky naleznete zde&#8230; Mysl\u00edte, \u017ee m\u00e1te odhad jako elektrik\u00e1\u0159? Zkuste si tipnout, jak dlouh\u00fd je UTP kabel na fotce \u2013 a kdy\u017e se tref\u00edte nejbl\u00ed\u017e,m\u016f\u017eete vyhr\u00e1t par\u00e1dn\u00ed n\u016f\u017e FISKARS! Mrkn\u011bte na fotku kabelu a po\u0161lete sv\u016fj tip v metrech n\u00ed\u017ee pomoc\u00ed formul\u00e1\u0159e. Tak co, tipnete si 10, 30, 50 nebo jin\u00fd&#8230;<\/p>\n","protected":false},"author":5,"featured_media":21719,"parent":0,"menu_order":0,"comment_status":"closed","ping_status":"closed","template":"","meta":{"_eb_attr":"","_kad_post_transparent":"","_kad_post_title":"","_kad_post_layout":"","_kad_post_sidebar_id":"","_kad_post_content_style":"","_kad_post_vertical_padding":"","_kad_post_feature":"","_kad_post_feature_position":"","_kad_post_header":false,"_kad_post_footer":false,"_kad_post_classname":"","footnotes":""},"class_list":["post-21720","page","type-page","status-publish","has-post-thumbnail","hentry"],"_links":{"self":[{"href":"https:\/\/www.kabel1.cz\/www\/wp-json\/wp\/v2\/pages\/21720","targetHints":{"allow":["GET"]}}],"collection":[{"href":"https:\/\/www.kabel1.cz\/www\/wp-json\/wp\/v2\/pages"}],"about":[{"href":"https:\/\/www.kabel1.cz\/www\/wp-json\/wp\/v2\/types\/page"}],"author":[{"embeddable":true,"href":"https:\/\/www.kabel1.cz\/www\/wp-json\/wp\/v2\/users\/5"}],"replies":[{"embeddable":true,"href":"https:\/\/www.kabel1.cz\/www\/wp-json\/wp\/v2\/comments?post=21720"}],"version-history":[{"count":26,"href":"https:\/\/www.kabel1.cz\/www\/wp-json\/wp\/v2\/pages\/21720\/revisions"}],"predecessor-version":[{"id":21894,"href":"https:\/\/www.kabel1.cz\/www\/wp-json\/wp\/v2\/pages\/21720\/revisions\/21894"}],"wp:featuredmedia":[{"embeddable":true,"href":"https:\/\/www.kabel1.cz\/www\/wp-json\/wp\/v2\/media\/21719"}],"wp:attachment":[{"href":"https:\/\/www.kabel1.cz\/www\/wp-json\/wp\/v2\/media?parent=21720"}],"curies":[{"name":"wp","href":"https:\/\/api.w.org\/{rel}","templated":true}]}}