{"id":18407,"date":"2025-03-20T13:46:09","date_gmt":"2025-03-20T12:46:09","guid":{"rendered":"https:\/\/www.kabel1.cz\/www\/?page_id=18407"},"modified":"2025-03-20T13:55:03","modified_gmt":"2025-03-20T12:55:03","slug":"problemy-a-jejich-reseni","status":"publish","type":"page","link":"https:\/\/www.kabel1.cz\/www\/problemy-a-jejich-reseni\/","title":{"rendered":"Dokumenty \/ Probl\u00e9my a jejich \u0159e\u0161en\u00ed"},"content":{"rendered":"<style>.kb-row-layout-id18407_ab44e8-38 > .kt-row-column-wrap{align-content:start;}:where(.kb-row-layout-id18407_ab44e8-38 > .kt-row-column-wrap) > .wp-block-kadence-column{justify-content:start;}.kb-row-layout-id18407_ab44e8-38 > .kt-row-column-wrap{column-gap:var(--global-kb-gap-md, 2rem);row-gap:var(--global-kb-gap-md, 2rem);max-width:var( --global-content-width, 1290px );padding-left:var(--global-content-edge-padding);padding-right:var(--global-content-edge-padding);padding-top:57px;padding-bottom:0px;grid-template-columns:minmax(0, 1fr);}.kb-row-layout-id18407_ab44e8-38 > .kt-row-layout-overlay{opacity:0.30;}.kb-row-layout-id18407_ab44e8-38 .kt-row-layout-bottom-sep{height:100px;}.kb-row-layout-id18407_ab44e8-38 .kt-row-layout-bottom-sep svg{width:100%;}.kb-row-layout-id18407_ab44e8-38 .kt-row-layout-bottom-sep svg{fill:#ffffff!important;}.kb-row-layout-id18407_ab44e8-38 .kt-row-layout-top-sep{height:100px;}.kb-row-layout-id18407_ab44e8-38 .kt-row-layout-top-sep svg{width:100%;}.kb-row-layout-id18407_ab44e8-38 .kt-row-layout-top-sep svg{fill:var(--global-palette6, #718096)!important;}@media all and (max-width: 1024px){.kb-row-layout-id18407_ab44e8-38 > .kt-row-column-wrap{grid-template-columns:minmax(0, 1fr);}}@media all and (max-width: 1024px){.kb-row-layout-id18407_ab44e8-38 .kt-row-layout-bottom-sep{height:px;}}@media all and (max-width: 1024px){.kb-row-layout-id18407_ab44e8-38 .kt-row-layout-bottom-sep svg{width:%;}}@media all and (max-width: 767px){.kb-row-layout-id18407_ab44e8-38 > .kt-row-column-wrap{grid-template-columns:minmax(0, 1fr);}.kb-row-layout-id18407_ab44e8-38 .kt-row-layout-bottom-sep{height:px;}.kb-row-layout-id18407_ab44e8-38 .kt-row-layout-bottom-sep svg{width:%;}}<\/style><div class=\"kb-row-layout-wrap kb-row-layout-id18407_ab44e8-38 alignnone wp-block-kadence-rowlayout\"><div class=\"kt-row-layout-top-sep kt-row-sep-type-wavesi\"><svg viewBox=\"0 0 1000 100\" preserveAspectRatio=\"none\"><path d=\"M0,40c0,0 120.077,-38.076 250,-38c129.923,0.076 345.105,78 500,78c154.895,0 250,-30 250,-30l0,50l-1000,0l0,-60Z\" \/><path d=\"M0,40c0,0 120.077,-38.076 250,-38c129.923,0.076 345.105,73 500,73c154.895,0 250,-45 250,-45l0,70l-1000,0l0,-60Z\" style=\"opacity: 0.4\" \/><path d=\"M0,40c0,0 120.077,-38.076 250,-38c129.923,0.076 345.105,68 500,68c154.895,0 250,-65 250,-65l0,95l-1000,0l0,-60Z\" style=\"opacity: 0.4\" \/><\/svg><\/div><div class=\"kt-row-column-wrap kt-has-1-columns kt-row-layout-equal kt-tab-layout-inherit kt-mobile-layout-row kt-row-valign-top kb-theme-content-width\">\n<style>.kadence-column18407_abae06-1b > .kt-inside-inner-col,.kadence-column18407_abae06-1b > .kt-inside-inner-col:before{border-top-left-radius:0px;border-top-right-radius:0px;border-bottom-right-radius:0px;border-bottom-left-radius:0px;}.kadence-column18407_abae06-1b > .kt-inside-inner-col{column-gap:var(--global-kb-gap-sm, 1rem);}.kadence-column18407_abae06-1b > .kt-inside-inner-col{flex-direction:column;}.kadence-column18407_abae06-1b > .kt-inside-inner-col > .aligncenter{width:100%;}.kadence-column18407_abae06-1b > .kt-inside-inner-col:before{opacity:0.3;}.kadence-column18407_abae06-1b{position:relative;}@media all and (max-width: 1024px){.kadence-column18407_abae06-1b > .kt-inside-inner-col{flex-direction:column;justify-content:center;}}@media all and (max-width: 767px){.kadence-column18407_abae06-1b > .kt-inside-inner-col{flex-direction:column;justify-content:center;}}<\/style>\n<div class=\"wp-block-kadence-column kadence-column18407_abae06-1b inner-column-1\"><div class=\"kt-inside-inner-col\">\n<h5 class=\"wp-block-heading\">Zn\u00e1m\u00e9 probl\u00e9my a jejich \u0159e\u0161en\u00ed:<\/h5>\n<\/div><\/div>\n\n<\/div><\/div>\n\n<style>.kb-row-layout-id18407_47b8e3-39 > .kt-row-column-wrap{align-content:start;}:where(.kb-row-layout-id18407_47b8e3-39 > .kt-row-column-wrap) > .wp-block-kadence-column{justify-content:start;}.kb-row-layout-id18407_47b8e3-39 > .kt-row-column-wrap{column-gap:var(--global-kb-gap-md, 2rem);row-gap:var(--global-kb-gap-md, 2rem);max-width:var( --global-content-width, 1290px );padding-left:var(--global-content-edge-padding);padding-right:var(--global-content-edge-padding);padding-top:27px;padding-bottom:42px;}.kb-row-layout-id18407_47b8e3-39 > .kt-row-column-wrap > div:not(.added-for-specificity){grid-column:initial;}.kb-row-layout-id18407_47b8e3-39 > .kt-row-column-wrap{grid-template-columns:repeat(3, minmax(0, 1fr));}.kb-row-layout-id18407_47b8e3-39 > .kt-row-layout-overlay{opacity:0.30;}.kb-row-layout-id18407_47b8e3-39 .kt-row-layout-bottom-sep{height:100px;}.kb-row-layout-id18407_47b8e3-39 .kt-row-layout-bottom-sep svg{width:100%;}.kb-row-layout-id18407_47b8e3-39 .kt-row-layout-bottom-sep svg{fill:#a7d4dc!important;}@media all and (max-width: 1024px){.kb-row-layout-id18407_47b8e3-39 > .kt-row-column-wrap > div:not(.added-for-specificity){grid-column:initial;}}@media all and (max-width: 1024px){.kb-row-layout-id18407_47b8e3-39 > .kt-row-column-wrap{grid-template-columns:repeat(3, minmax(0, 1fr));}}@media all and (max-width: 1024px){.kb-row-layout-id18407_47b8e3-39 .kt-row-layout-bottom-sep{height:px;}}@media all and (max-width: 1024px){.kb-row-layout-id18407_47b8e3-39 .kt-row-layout-bottom-sep svg{width:%;}}@media all and (max-width: 767px){.kb-row-layout-id18407_47b8e3-39 > .kt-row-column-wrap > div:not(.added-for-specificity){grid-column:initial;}.kb-row-layout-id18407_47b8e3-39 > .kt-row-column-wrap{grid-template-columns:minmax(0, 1fr);}.kb-row-layout-id18407_47b8e3-39 .kt-row-layout-bottom-sep{height:px;}.kb-row-layout-id18407_47b8e3-39 .kt-row-layout-bottom-sep svg{width:%;}}<\/style><div class=\"kb-row-layout-wrap kb-row-layout-id18407_47b8e3-39 alignnone wp-block-kadence-rowlayout\"><div class=\"kt-row-layout-bottom-sep kt-row-sep-type-crvl\"><svg viewBox=\"0 0 1000 100\" preserveAspectRatio=\"none\"><path d=\"M1000,100c0,0 -420.987,-98 -650,-98c-229.013,0 -350,98 -350,98l1000,0Z\" \/><\/svg><\/div><div class=\"kt-row-column-wrap kt-has-3-columns kt-row-layout-equal kt-tab-layout-inherit kt-mobile-layout-row kt-row-valign-top kb-theme-content-width\">\n<style>.kadence-column18407_c0d8cb-b3 > .kt-inside-inner-col,.kadence-column18407_c0d8cb-b3 > .kt-inside-inner-col:before{border-top-left-radius:0px;border-top-right-radius:0px;border-bottom-right-radius:0px;border-bottom-left-radius:0px;}.kadence-column18407_c0d8cb-b3 > .kt-inside-inner-col{column-gap:var(--global-kb-gap-sm, 1rem);}.kadence-column18407_c0d8cb-b3 > .kt-inside-inner-col{flex-direction:column;}.kadence-column18407_c0d8cb-b3 > .kt-inside-inner-col > .aligncenter{width:100%;}.kadence-column18407_c0d8cb-b3 > .kt-inside-inner-col:before{opacity:0.3;}.kadence-column18407_c0d8cb-b3{position:relative;}@media all and (max-width: 1024px){.kadence-column18407_c0d8cb-b3 > .kt-inside-inner-col{flex-direction:column;justify-content:center;}}@media all and (max-width: 767px){.kadence-column18407_c0d8cb-b3 > .kt-inside-inner-col{flex-direction:column;justify-content:center;}}<\/style>\n<div class=\"wp-block-kadence-column kadence-column18407_c0d8cb-b3 inner-column-1\"><div class=\"kt-inside-inner-col\"><\/div><\/div>\n\n\n<style>.kadence-column18407_5895ec-19 > .kt-inside-inner-col,.kadence-column18407_5895ec-19 > .kt-inside-inner-col:before{border-top-left-radius:0px;border-top-right-radius:0px;border-bottom-right-radius:0px;border-bottom-left-radius:0px;}.kadence-column18407_5895ec-19 > .kt-inside-inner-col{column-gap:var(--global-kb-gap-sm, 1rem);}.kadence-column18407_5895ec-19 > .kt-inside-inner-col{flex-direction:column;}.kadence-column18407_5895ec-19 > .kt-inside-inner-col > .aligncenter{width:100%;}.kadence-column18407_5895ec-19 > .kt-inside-inner-col:before{opacity:0.3;}.kadence-column18407_5895ec-19{position:relative;}@media all and (max-width: 1024px){.kadence-column18407_5895ec-19 > .kt-inside-inner-col{flex-direction:column;justify-content:center;}}@media all and (max-width: 767px){.kadence-column18407_5895ec-19 > .kt-inside-inner-col{flex-direction:column;justify-content:center;}}<\/style>\n<div class=\"wp-block-kadence-column kadence-column18407_5895ec-19 inner-column-2\"><div class=\"kt-inside-inner-col\"><style>.wp-block-kadence-column.kb-section-dir-horizontal > .kt-inside-inner-col > .kt-info-box18407_8cbeb7-ba .kt-blocks-info-box-link-wrap{max-width:unset;}.kt-info-box18407_8cbeb7-ba .kt-blocks-info-box-link-wrap{border-top-left-radius:30px;border-top-right-radius:0px;border-bottom-right-radius:0px;border-bottom-left-radius:0px;background:var(--global-palette5, #4A5568);padding-top:20px;padding-right:20px;padding-bottom:20px;padding-left:20px;}.kt-info-box18407_8cbeb7-ba .kt-blocks-info-box-link-wrap:hover{background:var(--global-palette5, #4A5568);}.kt-info-box18407_8cbeb7-ba .kadence-info-box-icon-container .kt-info-svg-icon, .kt-info-box18407_8cbeb7-ba .kt-info-svg-icon-flip, .kt-info-box18407_8cbeb7-ba .kt-blocks-info-box-number{font-size:50px;}.kt-info-box18407_8cbeb7-ba .kt-blocks-info-box-media{color:var(--global-palette9, #ffffff);background:transparent;border-color:#444444;border-top-width:0px;border-right-width:0px;border-bottom-width:0px;border-left-width:0px;padding-top:10px;padding-right:10px;padding-bottom:10px;padding-left:10px;}.kt-info-box18407_8cbeb7-ba .kt-blocks-info-box-media-container{margin-top:0px;margin-right:15px;margin-bottom:0px;margin-left:15px;}.kt-info-box18407_8cbeb7-ba .kt-blocks-info-box-link-wrap:hover .kt-blocks-info-box-media{color:var(--global-palette7, #EDF2F7);background:transparent;border-color:#444444;}.kt-info-box18407_8cbeb7-ba .kt-infobox-textcontent h6.kt-blocks-info-box-title{color:var(--global-palette7, #EDF2F7);padding-top:0px;padding-right:0px;padding-bottom:0px;padding-left:0px;margin-top:5px;margin-right:0px;margin-bottom:10px;margin-left:0px;}.kt-info-box18407_8cbeb7-ba .kt-blocks-info-box-link-wrap:hover h6.kt-blocks-info-box-title{color:var(--global-palette7, #EDF2F7);}.kt-info-box18407_8cbeb7-ba .kt-infobox-textcontent .kt-blocks-info-box-text{color:var(--global-palette9, #ffffff);}.kt-info-box18407_8cbeb7-ba .kt-blocks-info-box-link-wrap:hover .kt-blocks-info-box-text{color:var(--global-palette9, #ffffff);}.kt-info-box18407_8cbeb7-ba .kt-blocks-info-box-learnmore{background:transparent;border-color:#555555;border-width:0px 0px 0px 0px;padding-top:4px;padding-right:8px;padding-bottom:4px;padding-left:8px;margin-top:10px;margin-right:0px;margin-bottom:10px;margin-left:0px;}.kt-info-box18407_8cbeb7-ba .kt-blocks-info-box-link-wrap:hover .kt-blocks-info-box-learnmore,.kt-info-box18407_8cbeb7-ba .kt-blocks-info-box-link-wrap .kt-blocks-info-box-learnmore:focus{color:#ffffff;background:#444444;border-color:#444444;}<\/style>\n<div class=\"wp-block-kadence-infobox kt-info-box18407_8cbeb7-ba\"><a class=\"kt-blocks-info-box-link-wrap info-box-link kt-blocks-info-box-media-align-top kt-info-halign-center\" target=\"_blank\" rel=\"noopener noreferrer\" href=\"https:\/\/www.kabel1.cz\/www\/wp-content\/uploads\/2022\/12\/Omezene-pripojeni-na-windows-10-a-8.pdf\"><div class=\"kt-blocks-info-box-media-container\"><div class=\"kt-blocks-info-box-media kt-info-media-animate-none\"><div class=\"kadence-info-box-icon-container kt-info-icon-animate-none\"><div class=\"kadence-info-box-icon-inner-container\"><span class=\"kb-svg-icon-wrap kb-svg-icon-fas_file-pdf kt-info-svg-icon\"><svg viewBox=\"0 0 384 512\"  fill=\"currentColor\" xmlns=\"http:\/\/www.w3.org\/2000\/svg\"  aria-hidden=\"true\"><path d=\"M181.9 256.1c-5-16-4.9-46.9-2-46.9 8.4 0 7.6 36.9 2 46.9zm-1.7 47.2c-7.7 20.2-17.3 43.3-28.4 62.7 18.3-7 39-17.2 62.9-21.9-12.7-9.6-24.9-23.4-34.5-40.8zM86.1 428.1c0 .8 13.2-5.4 34.9-40.2-6.7 6.3-29.1 24.5-34.9 40.2zM248 160h136v328c0 13.3-10.7 24-24 24H24c-13.3 0-24-10.7-24-24V24C0 10.7 10.7 0 24 0h200v136c0 13.2 10.8 24 24 24zm-8 171.8c-20-12.2-33.3-29-42.7-53.8 4.5-18.5 11.6-46.6 6.2-64.2-4.7-29.4-42.4-26.5-47.8-6.8-5 18.3-.4 44.1 8.1 77-11.6 27.6-28.7 64.6-40.8 85.8-.1 0-.1.1-.2.1-27.1 13.9-73.6 44.5-54.5 68 5.6 6.9 16 10 21.5 10 17.9 0 35.7-18 61.1-61.8 25.8-8.5 54.1-19.1 79-23.2 21.7 11.8 47.1 19.5 64 19.5 29.2 0 31.2-32 19.7-43.4-13.9-13.6-54.3-9.7-73.6-7.2zM377 105L279 7c-4.5-4.5-10.6-7-17-7h-6v128h128v-6.1c0-6.3-2.5-12.4-7-16.9zm-74.1 255.3c4.1-2.7-2.5-11.9-42.8-9 37.1 15.8 42.8 9 42.8 9z\"\/><\/svg><\/span><\/div><\/div><\/div><\/div><div class=\"kt-infobox-textcontent\"><h6 class=\"kt-blocks-info-box-title\"><strong>PROBL\u00c9M:<br><\/strong>OMEZEN\u00c9 P\u0158IPOJEN\u00cd NA WIN8 A WIN10<\/h6><\/div><\/a><\/div>\n<\/div><\/div>\n\n\n<style>.kadence-column18407_c41e6f-ac > .kt-inside-inner-col,.kadence-column18407_c41e6f-ac > .kt-inside-inner-col:before{border-top-left-radius:0px;border-top-right-radius:0px;border-bottom-right-radius:0px;border-bottom-left-radius:0px;}.kadence-column18407_c41e6f-ac > .kt-inside-inner-col{column-gap:var(--global-kb-gap-sm, 1rem);}.kadence-column18407_c41e6f-ac > .kt-inside-inner-col{flex-direction:column;}.kadence-column18407_c41e6f-ac > .kt-inside-inner-col > .aligncenter{width:100%;}.kadence-column18407_c41e6f-ac > .kt-inside-inner-col:before{opacity:0.3;}.kadence-column18407_c41e6f-ac{position:relative;}@media all and (max-width: 1024px){.kadence-column18407_c41e6f-ac > .kt-inside-inner-col{flex-direction:column;justify-content:center;}}@media all and (max-width: 767px){.kadence-column18407_c41e6f-ac > .kt-inside-inner-col{flex-direction:column;justify-content:center;}}<\/style>\n<div class=\"wp-block-kadence-column kadence-column18407_c41e6f-ac inner-column-3\"><div class=\"kt-inside-inner-col\"><style>.wp-block-kadence-column.kb-section-dir-horizontal > .kt-inside-inner-col > .kt-info-box18407_95ca61-7f .kt-blocks-info-box-link-wrap{max-width:unset;}.kt-info-box18407_95ca61-7f .kt-blocks-info-box-link-wrap{border-top-left-radius:30px;border-top-right-radius:0px;border-bottom-right-radius:0px;border-bottom-left-radius:0px;background:var(--global-palette2, #2B6CB0);padding-top:20px;padding-right:20px;padding-bottom:20px;padding-left:20px;}.kt-info-box18407_95ca61-7f .kt-blocks-info-box-link-wrap:hover{background:var(--global-palette2, #2B6CB0);}.kt-info-box18407_95ca61-7f .kadence-info-box-icon-container .kt-info-svg-icon, .kt-info-box18407_95ca61-7f .kt-info-svg-icon-flip, .kt-info-box18407_95ca61-7f .kt-blocks-info-box-number{font-size:50px;}.kt-info-box18407_95ca61-7f .kt-blocks-info-box-media{color:var(--global-palette9, #ffffff);background:transparent;border-color:#444444;border-top-width:0px;border-right-width:0px;border-bottom-width:0px;border-left-width:0px;padding-top:10px;padding-right:10px;padding-bottom:10px;padding-left:10px;}.kt-info-box18407_95ca61-7f .kt-blocks-info-box-media-container{margin-top:0px;margin-right:15px;margin-bottom:0px;margin-left:15px;}.kt-info-box18407_95ca61-7f .kt-blocks-info-box-link-wrap:hover .kt-blocks-info-box-media{color:var(--global-palette7, #EDF2F7);background:transparent;border-color:#444444;}.kt-info-box18407_95ca61-7f .kt-infobox-textcontent h6.kt-blocks-info-box-title{color:var(--global-palette7, #EDF2F7);padding-top:0px;padding-right:0px;padding-bottom:0px;padding-left:0px;margin-top:5px;margin-right:0px;margin-bottom:10px;margin-left:0px;}.kt-info-box18407_95ca61-7f .kt-blocks-info-box-link-wrap:hover h6.kt-blocks-info-box-title{color:var(--global-palette7, #EDF2F7);}.kt-info-box18407_95ca61-7f .kt-infobox-textcontent .kt-blocks-info-box-text{color:var(--global-palette9, #ffffff);}.kt-info-box18407_95ca61-7f .kt-blocks-info-box-link-wrap:hover .kt-blocks-info-box-text{color:var(--global-palette9, #ffffff);}.kt-info-box18407_95ca61-7f .kt-blocks-info-box-learnmore{background:transparent;border-color:#555555;border-width:0px 0px 0px 0px;padding-top:4px;padding-right:8px;padding-bottom:4px;padding-left:8px;margin-top:10px;margin-right:0px;margin-bottom:10px;margin-left:0px;}.kt-info-box18407_95ca61-7f .kt-blocks-info-box-link-wrap:hover .kt-blocks-info-box-learnmore,.kt-info-box18407_95ca61-7f .kt-blocks-info-box-link-wrap .kt-blocks-info-box-learnmore:focus{color:#ffffff;background:#444444;border-color:#444444;}<\/style>\n<div class=\"wp-block-kadence-infobox kt-info-box18407_95ca61-7f\"><a class=\"kt-blocks-info-box-link-wrap info-box-link kt-blocks-info-box-media-align-top kt-info-halign-center\" target=\"_blank\" rel=\"noopener noreferrer\" href=\"https:\/\/www.kabel1.cz\/www\/wp-content\/uploads\/2022\/12\/Jak-odstranit-neduveryhodne-pripojeni-na-WinXP-a-Win7.pdf\"><div class=\"kt-blocks-info-box-media-container\"><div class=\"kt-blocks-info-box-media kt-info-media-animate-none\"><div class=\"kadence-info-box-icon-container kt-info-icon-animate-none\"><div class=\"kadence-info-box-icon-inner-container\"><span class=\"kb-svg-icon-wrap kb-svg-icon-fas_file-pdf kt-info-svg-icon\"><svg viewBox=\"0 0 384 512\"  fill=\"currentColor\" xmlns=\"http:\/\/www.w3.org\/2000\/svg\"  aria-hidden=\"true\"><path d=\"M181.9 256.1c-5-16-4.9-46.9-2-46.9 8.4 0 7.6 36.9 2 46.9zm-1.7 47.2c-7.7 20.2-17.3 43.3-28.4 62.7 18.3-7 39-17.2 62.9-21.9-12.7-9.6-24.9-23.4-34.5-40.8zM86.1 428.1c0 .8 13.2-5.4 34.9-40.2-6.7 6.3-29.1 24.5-34.9 40.2zM248 160h136v328c0 13.3-10.7 24-24 24H24c-13.3 0-24-10.7-24-24V24C0 10.7 10.7 0 24 0h200v136c0 13.2 10.8 24 24 24zm-8 171.8c-20-12.2-33.3-29-42.7-53.8 4.5-18.5 11.6-46.6 6.2-64.2-4.7-29.4-42.4-26.5-47.8-6.8-5 18.3-.4 44.1 8.1 77-11.6 27.6-28.7 64.6-40.8 85.8-.1 0-.1.1-.2.1-27.1 13.9-73.6 44.5-54.5 68 5.6 6.9 16 10 21.5 10 17.9 0 35.7-18 61.1-61.8 25.8-8.5 54.1-19.1 79-23.2 21.7 11.8 47.1 19.5 64 19.5 29.2 0 31.2-32 19.7-43.4-13.9-13.6-54.3-9.7-73.6-7.2zM377 105L279 7c-4.5-4.5-10.6-7-17-7h-6v128h128v-6.1c0-6.3-2.5-12.4-7-16.9zm-74.1 255.3c4.1-2.7-2.5-11.9-42.8-9 37.1 15.8 42.8 9 42.8 9z\"\/><\/svg><\/span><\/div><\/div><\/div><\/div><div class=\"kt-infobox-textcontent\"><h6 class=\"kt-blocks-info-box-title\"><strong>PROBL\u00c9M:<br><\/strong>Jak odstranit ned\u016fv\u011bryhodn\u00e9 p\u0159ipojen\u00ed na WinXP a Win7<\/h6><\/div><\/a><\/div>\n<\/div><\/div>\n\n<\/div><\/div>\n\n<style>.kb-row-layout-id18407_76ef96-f9 > .kt-row-column-wrap{align-content:start;}:where(.kb-row-layout-id18407_76ef96-f9 > .kt-row-column-wrap) > .wp-block-kadence-column{justify-content:start;}.kb-row-layout-id18407_76ef96-f9 > .kt-row-column-wrap{column-gap:var(--global-kb-gap-md, 2rem);row-gap:var(--global-kb-gap-md, 2rem);max-width:var( --global-content-width, 1290px );padding-left:var(--global-content-edge-padding);padding-right:var(--global-content-edge-padding);padding-top:0px;padding-bottom:49px;grid-template-columns:minmax(0, 1fr);}.kb-row-layout-id18407_76ef96-f9 > .kt-row-layout-overlay{opacity:0.30;background-color:var(--global-palette2, #2B6CB0);}.kb-row-layout-id18407_76ef96-f9 .kt-row-layout-bottom-sep{height:100px;}.kb-row-layout-id18407_76ef96-f9 .kt-row-layout-bottom-sep svg{width:100%;}.kb-row-layout-id18407_76ef96-f9 .kt-row-layout-bottom-sep svg{fill:#ffffff!important;}@media all and (max-width: 1024px){.kb-row-layout-id18407_76ef96-f9 > .kt-row-column-wrap{grid-template-columns:minmax(0, 1fr);}}@media all and (max-width: 1024px){.kb-row-layout-id18407_76ef96-f9 .kt-row-layout-bottom-sep{height:px;}}@media all and (max-width: 1024px){.kb-row-layout-id18407_76ef96-f9 .kt-row-layout-bottom-sep svg{width:%;}}@media all and (max-width: 767px){.kb-row-layout-id18407_76ef96-f9 > .kt-row-column-wrap{grid-template-columns:minmax(0, 1fr);}.kb-row-layout-id18407_76ef96-f9 .kt-row-layout-bottom-sep{height:px;}.kb-row-layout-id18407_76ef96-f9 .kt-row-layout-bottom-sep svg{width:%;}}<\/style><div class=\"kb-row-layout-wrap kb-row-layout-id18407_76ef96-f9 alignnone kt-row-has-bg wp-block-kadence-rowlayout\"><div class=\"kt-row-layout-overlay kt-row-overlay-normal\"><\/div><div class=\"kt-row-column-wrap kt-has-1-columns kt-row-layout-equal kt-tab-layout-inherit kt-mobile-layout-row kt-row-valign-top kb-theme-content-width\">\n<style>.kadence-column18407_e80b18-49 > .kt-inside-inner-col,.kadence-column18407_e80b18-49 > .kt-inside-inner-col:before{border-top-left-radius:0px;border-top-right-radius:0px;border-bottom-right-radius:0px;border-bottom-left-radius:0px;}.kadence-column18407_e80b18-49 > .kt-inside-inner-col{column-gap:var(--global-kb-gap-sm, 1rem);}.kadence-column18407_e80b18-49 > .kt-inside-inner-col{flex-direction:column;}.kadence-column18407_e80b18-49 > .kt-inside-inner-col > .aligncenter{width:100%;}.kadence-column18407_e80b18-49 > .kt-inside-inner-col:before{opacity:0.3;}.kadence-column18407_e80b18-49{position:relative;}@media all and (max-width: 1024px){.kadence-column18407_e80b18-49 > .kt-inside-inner-col{flex-direction:column;justify-content:center;}}@media all and (max-width: 767px){.kadence-column18407_e80b18-49 > .kt-inside-inner-col{flex-direction:column;justify-content:center;}}<\/style>\n<div class=\"wp-block-kadence-column kadence-column18407_e80b18-49 inner-column-1\"><div class=\"kt-inside-inner-col\"><style>.wp-block-kadence-column.kb-section-dir-horizontal > .kt-inside-inner-col > .kt-info-box18407_0ef547-5c .kt-blocks-info-box-link-wrap{max-width:unset;}.kt-info-box18407_0ef547-5c .kt-blocks-info-box-link-wrap{border-top:5px solid var(--global-palette2, #2B6CB0);border-right:5px solid var(--global-palette2, #2B6CB0);border-bottom:5px solid var(--global-palette2, #2B6CB0);border-left:5px solid var(--global-palette2, #2B6CB0);border-top-left-radius:30px;border-top-right-radius:30px;border-bottom-right-radius:30px;border-bottom-left-radius:30px;background:#ffffff;padding-top:var(--global-kb-spacing-xs, 1rem);padding-right:var(--global-kb-spacing-xs, 1rem);padding-bottom:var(--global-kb-spacing-xs, 1rem);padding-left:var(--global-kb-spacing-xs, 1rem);}.kt-info-box18407_0ef547-5c .kt-blocks-info-box-link-wrap:hover{background:#ffffff;}.kt-info-box18407_0ef547-5c .kadence-info-box-icon-container .kt-info-svg-icon, .kt-info-box18407_0ef547-5c .kt-info-svg-icon-flip, .kt-info-box18407_0ef547-5c .kt-blocks-info-box-number{font-size:50px;}.kt-info-box18407_0ef547-5c .kt-blocks-info-box-media{color:var(--global-palette1, #3182CE);border-color:#eeeeee;border-radius:200px;overflow:hidden;border-top-width:0px;border-right-width:0px;border-bottom-width:0px;border-left-width:0px;padding-top:20px;padding-right:20px;padding-bottom:20px;padding-left:20px;margin-top:0px;margin-right:20px;margin-bottom:0px;margin-left:0px;}.kt-info-box18407_0ef547-5c .kt-blocks-info-box-media .kadence-info-box-image-intrisic img{border-radius:200px;}.kt-info-box18407_0ef547-5c .kt-blocks-info-box-link-wrap:hover .kt-blocks-info-box-media{color:var(--global-palette1, #3182CE);background:#ffffff;border-color:#eeeeee;}.kt-info-box18407_0ef547-5c .kt-infobox-textcontent h5.kt-blocks-info-box-title{padding-top:0px;padding-right:0px;padding-bottom:0px;padding-left:0px;margin-top:5px;margin-right:0px;margin-bottom:10px;margin-left:0px;}.kt-info-box18407_0ef547-5c .kt-infobox-textcontent .kt-blocks-info-box-text{color:#555555;}.kt-info-box18407_0ef547-5c .kt-blocks-info-box-learnmore{background:transparent;border-color:#555555;border-width:0px 0px 0px 0px;padding-top:4px;padding-right:8px;padding-bottom:4px;padding-left:8px;margin-top:10px;margin-right:0px;margin-bottom:10px;margin-left:0px;}.kt-info-box18407_0ef547-5c .kt-blocks-info-box-link-wrap:hover .kt-blocks-info-box-learnmore,.kt-info-box18407_0ef547-5c .kt-blocks-info-box-link-wrap .kt-blocks-info-box-learnmore:focus{color:#ffffff;background:#444444;border-color:#444444;}@media all and (max-width: 1024px){.kt-info-box18407_0ef547-5c .kt-blocks-info-box-link-wrap{border-top:5px solid var(--global-palette2, #2B6CB0);border-right:5px solid var(--global-palette2, #2B6CB0);border-bottom:5px solid var(--global-palette2, #2B6CB0);border-left:5px solid var(--global-palette2, #2B6CB0);}}@media all and (max-width: 767px){.kt-info-box18407_0ef547-5c .kt-blocks-info-box-link-wrap{border-top:5px solid var(--global-palette2, #2B6CB0);border-right:5px solid var(--global-palette2, #2B6CB0);border-bottom:5px solid var(--global-palette2, #2B6CB0);border-left:5px solid var(--global-palette2, #2B6CB0);}}<\/style>\n<div class=\"wp-block-kadence-infobox kt-info-box18407_0ef547-5c\"><span class=\"kt-blocks-info-box-link-wrap info-box-link kt-blocks-info-box-media-align-left kt-info-halign-left\"><div class=\"kt-blocks-info-box-media-container\"><div class=\"kt-blocks-info-box-media kt-info-media-animate-none\"><div class=\"kadence-info-box-icon-container kt-info-icon-animate-none\"><div class=\"kadence-info-box-icon-inner-container\"><span class=\"kb-svg-icon-wrap kb-svg-icon-fas_info kt-info-svg-icon\"><svg viewBox=\"0 0 192 512\"  fill=\"currentColor\" xmlns=\"http:\/\/www.w3.org\/2000\/svg\"  aria-hidden=\"true\"><path d=\"M20 424.229h20V279.771H20c-11.046 0-20-8.954-20-20V212c0-11.046 8.954-20 20-20h112c11.046 0 20 8.954 20 20v212.229h20c11.046 0 20 8.954 20 20V492c0 11.046-8.954 20-20 20H20c-11.046 0-20-8.954-20-20v-47.771c0-11.046 8.954-20 20-20zM96 0C56.235 0 24 32.235 24 72s32.235 72 72 72 72-32.235 72-72S135.764 0 96 0z\"\/><\/svg><\/span><\/div><\/div><\/div><\/div><div class=\"kt-infobox-textcontent\"><h5 class=\"kt-blocks-info-box-title\">Reklamace:<\/h5><p class=\"kt-blocks-info-box-text\">V p\u0159\u00edpad\u011b reklamace vy\u00fa\u010dtov\u00e1n\u00ed, zbo\u017e\u00ed a slu\u017eeb se m\u016f\u017eete osobn\u011b obr\u00e1tit na pracovn\u00edky kancel\u00e1\u0159e na adrese L\u00edpov\u00e1 658, Kl\u00e1\u0161terec nad Oh\u0159\u00ed, 43151 v b\u011b\u017en\u00e9 pracovn\u00ed dob\u011b Po-P\u00e1 09-12, 13-17 hodin nebo telefonicky na \u010d\u00edsle 474721312.<br><br>V p\u0159\u00edpad\u011b kdy nen\u00ed u\u017eivatel spokojen s vy\u0159e\u0161en\u00edm reklamace, m\u016f\u017ee se v r\u00e1mci mimosoudn\u00edho \u0159e\u0161en\u00ed sporu obr\u00e1tit na \u010cesk\u00fd telekomunika\u010dn\u00ed \u00fa\u0159ad (www.ctu.cz), nebo \u010ceskou obchodn\u00ed inspekci (www.coi.cz).<\/p><\/div><\/span><\/div>\n<\/div><\/div>\n\n<\/div><\/div>\n\n\n<p><\/p>\n","protected":false},"excerpt":{"rendered":"<p>Zn\u00e1m\u00e9 probl\u00e9my a jejich \u0159e\u0161en\u00ed:<\/p>\n","protected":false},"author":5,"featured_media":0,"parent":0,"menu_order":0,"comment_status":"closed","ping_status":"closed","template":"","meta":{"_eb_attr":"","_kad_post_transparent":"","_kad_post_title":"","_kad_post_layout":"","_kad_post_sidebar_id":"","_kad_post_content_style":"","_kad_post_vertical_padding":"","_kad_post_feature":"","_kad_post_feature_position":"","_kad_post_header":false,"_kad_post_footer":false,"_kad_post_classname":"","footnotes":""},"class_list":["post-18407","page","type-page","status-publish","hentry"],"_links":{"self":[{"href":"https:\/\/www.kabel1.cz\/www\/wp-json\/wp\/v2\/pages\/18407","targetHints":{"allow":["GET"]}}],"collection":[{"href":"https:\/\/www.kabel1.cz\/www\/wp-json\/wp\/v2\/pages"}],"about":[{"href":"https:\/\/www.kabel1.cz\/www\/wp-json\/wp\/v2\/types\/page"}],"author":[{"embeddable":true,"href":"https:\/\/www.kabel1.cz\/www\/wp-json\/wp\/v2\/users\/5"}],"replies":[{"embeddable":true,"href":"https:\/\/www.kabel1.cz\/www\/wp-json\/wp\/v2\/comments?post=18407"}],"version-history":[{"count":2,"href":"https:\/\/www.kabel1.cz\/www\/wp-json\/wp\/v2\/pages\/18407\/revisions"}],"predecessor-version":[{"id":18415,"href":"https:\/\/www.kabel1.cz\/www\/wp-json\/wp\/v2\/pages\/18407\/revisions\/18415"}],"wp:attachment":[{"href":"https:\/\/www.kabel1.cz\/www\/wp-json\/wp\/v2\/media?parent=18407"}],"curies":[{"name":"wp","href":"https:\/\/api.w.org\/{rel}","templated":true}]}}