{"id":1636,"date":"2022-09-05T14:14:35","date_gmt":"2022-09-05T12:14:35","guid":{"rendered":"https:\/\/www2.kabel1.cz\/?page_id=1636"},"modified":"2022-09-05T14:16:00","modified_gmt":"2022-09-05T12:16:00","slug":"technicka-specifikace","status":"publish","type":"page","link":"https:\/\/www.kabel1.cz\/www\/technicka-specifikace\/","title":{"rendered":"Technick\u00e1 specifikace"},"content":{"rendered":"<style>#kt-layout-id_c99193-6f > .kt-row-column-wrap{z-index:10;position:relative;align-content:start;}:where(#kt-layout-id_c99193-6f > .kt-row-column-wrap) > .wp-block-kadence-column{justify-content:start;}#kt-layout-id_c99193-6f > .kt-row-column-wrap{column-gap:var(--global-kb-gap-md, 2rem);row-gap:var(--global-kb-gap-md, 2rem);max-width:var( --global-content-width, 1290px );padding-left:var(--global-content-edge-padding);padding-right:var(--global-content-edge-padding);padding-top:var( --global-kb-row-default-top, 25px );padding-bottom:var( --global-kb-row-default-bottom, 25px );padding-bottom:185px;grid-template-columns:minmax(0, 1fr);}#kt-layout-id_c99193-6f > .kt-row-layout-overlay{opacity:0.30;}#kt-layout-id_c99193-6f .kt-row-layout-bottom-sep{height:100px;}#kt-layout-id_c99193-6f .kt-row-layout-bottom-sep svg{width:100%;}#kt-layout-id_c99193-6f .kt-row-layout-bottom-sep svg{fill:var(--global-palette2, #2B6CB0)!important;}@media all and (max-width: 1024px){#kt-layout-id_c99193-6f > .kt-row-column-wrap{grid-template-columns:minmax(0, 1fr);}}@media all and (max-width: 1024px){#kt-layout-id_c99193-6f .kt-row-layout-bottom-sep{height:px;}}@media all and (max-width: 1024px){#kt-layout-id_c99193-6f .kt-row-layout-bottom-sep svg{width:%;}}@media all and (max-width: 767px){#kt-layout-id_c99193-6f > .kt-row-column-wrap{grid-template-columns:minmax(0, 1fr);}#kt-layout-id_c99193-6f .kt-row-layout-bottom-sep{height:px;}#kt-layout-id_c99193-6f .kt-row-layout-bottom-sep svg{width:%;}}<\/style>\n<div class=\"wp-block-kadence-rowlayout alignnone\"><div id=\"kt-layout-id_c99193-6f\" class=\"kt-row-layout-inner kt-layout-id_c99193-6f\"><div class=\"kt-row-column-wrap kt-has-1-columns kt-gutter-default kt-v-gutter-default kt-row-valign-top kt-row-layout-equal kt-tab-layout-inherit kt-m-colapse-left-to-right kt-mobile-layout-row kb-theme-content-width\"><style>.kadence-column_7cde17-d5 > .kt-inside-inner-col{border-top-width:0px;border-right-width:0px;border-bottom-width:0px;border-left-width:0px;}.kadence-column_7cde17-d5 > .kt-inside-inner-col,.kadence-column_7cde17-d5 > .kt-inside-inner-col:before{border-top-left-radius:0px;border-top-right-radius:0px;border-bottom-right-radius:0px;border-bottom-left-radius:0px;}.kadence-column_7cde17-d5 > .kt-inside-inner-col{column-gap:var(--global-kb-gap-sm, 1rem);}.kadence-column_7cde17-d5 > .kt-inside-inner-col{flex-direction:column;}.kadence-column_7cde17-d5 > .kt-inside-inner-col > .aligncenter{width:100%;}.kadence-column_7cde17-d5 > .kt-inside-inner-col:before{opacity:0.3;}.kadence-column_7cde17-d5{position:relative;}@media all and (max-width: 1024px){.kadence-column_7cde17-d5 > .kt-inside-inner-col{flex-direction:column;justify-content:center;}}@media all and (max-width: 767px){.kadence-column_7cde17-d5 > .kt-inside-inner-col{flex-direction:column;justify-content:center;}}<\/style>\n<div class=\"wp-block-kadence-column inner-column-1 kadence-column_7cde17-d5\"><div class=\"kt-inside-inner-col\">\n<h5 class=\"wp-block-heading\">Technick\u00e9 specifikace<\/h5>\n\n\n\n<h5 class=\"wp-block-heading\">Ozn\u00e1men\u00ed technick\u00e9 specifikace \u00fa\u010dastnick\u00fdch rozhran\u00ed<\/h5>\n\n\n\n<p>Rozhran\u00ed datov\u00fdch slu\u017eeb<\/p>\n\n\n\n<figure class=\"wp-block-table\"><table><tbody><tr><td><strong>Rozhran\u00ed<\/strong><\/td><td><strong>Konektor<\/strong><\/td><td><strong>Mzn. doporu\u010den\u00ed<\/strong><\/td><\/tr><tr><td>K1 NET 10Base-T<\/td><td>RJ-45<\/td><td>IEEE 802.3 \u2013 2002<\/td><\/tr><tr><td>K1 GigaNET 100Base-T<\/td><td>RJ-45<\/td><td>IEEE 802.3 \u2013 2002<\/td><\/tr><tr><td>IPTV<\/td><td>RJ-45<\/td><td>IEEE 802.3 \u2013 2002<\/td><\/tr><\/tbody><\/table><\/figure>\n\n\n\n<p>Rozhran\u00ed hlasov\u00fdch slu\u017eeb<\/p>\n\n\n\n<figure class=\"wp-block-table\"><table><tbody><tr><td><strong>Rozhran\u00ed<\/strong><\/td><td><strong>Technick\u00e1 specifikace rozhran\u00ed<\/strong><\/td><\/tr><tr><td>VOIP hlasov\u00e9 slu\u017eby<\/td><td>fyzick\u00e9 rozhran\u00ed dle nosn\u00e9 datov\u00e9 slu\u017eby<br>protokol: SIP<br>konektor: RJ-45<\/td><\/tr><\/tbody><\/table><\/figure>\n<\/div><\/div>\n<\/div><div class=\"kt-row-layout-bottom-sep kt-row-sep-type-wavei\"><svg style=\"fill:var(--global-palette2)\" viewBox=\"0 0 1000 100\" preserveAspectRatio=\"none\"><path d=\"M0,40c0,0 120.077,-38.076 250,-38c129.923,0.076 345.105,78 500,78c154.895,0 250,-30 250,-30l0,50l-1000,0l0,-60Z\"><\/path><\/svg><\/div><\/div><\/div>\n\n\n<style>#kt-layout-id_2507b0-41 > .kt-row-column-wrap{align-content:start;}:where(#kt-layout-id_2507b0-41 > .kt-row-column-wrap) > .wp-block-kadence-column{justify-content:start;}#kt-layout-id_2507b0-41 > .kt-row-column-wrap{column-gap:var(--global-kb-gap-md, 2rem);row-gap:var(--global-kb-gap-md, 2rem);max-width:var( --global-content-width, 1290px );padding-left:var(--global-content-edge-padding);padding-right:var(--global-content-edge-padding);padding-top:var( --global-kb-row-default-top, 25px );padding-bottom:var( --global-kb-row-default-bottom, 25px );padding-top:40px;padding-bottom:49px;grid-template-columns:minmax(0, 1fr);}#kt-layout-id_2507b0-41 > .kt-row-layout-overlay{opacity:0.30;}#kt-layout-id_2507b0-41 .kt-row-layout-bottom-sep{height:100px;}#kt-layout-id_2507b0-41 .kt-row-layout-bottom-sep svg{width:100%;}#kt-layout-id_2507b0-41 .kt-row-layout-bottom-sep svg{fill:#ffffff!important;}@media all and (max-width: 1024px){#kt-layout-id_2507b0-41 > .kt-row-column-wrap{grid-template-columns:minmax(0, 1fr);}}@media all and (max-width: 1024px){#kt-layout-id_2507b0-41 .kt-row-layout-bottom-sep{height:px;}}@media all and (max-width: 1024px){#kt-layout-id_2507b0-41 .kt-row-layout-bottom-sep svg{width:%;}}@media all and (max-width: 767px){#kt-layout-id_2507b0-41 > .kt-row-column-wrap{grid-template-columns:minmax(0, 1fr);}#kt-layout-id_2507b0-41 .kt-row-layout-bottom-sep{height:px;}#kt-layout-id_2507b0-41 .kt-row-layout-bottom-sep svg{width:%;}}<\/style>\n<div class=\"wp-block-kadence-rowlayout alignnone\"><div id=\"kt-layout-id_2507b0-41\" class=\"kt-row-layout-inner kt-row-has-bg kt-layout-id_2507b0-41 has-theme-palette-2-background-color\"><div class=\"kt-row-column-wrap kt-has-1-columns kt-gutter-default kt-v-gutter-default kt-row-valign-top kt-row-layout-equal kt-tab-layout-inherit kt-m-colapse-left-to-right kt-mobile-layout-row kb-theme-content-width\"><style>.kadence-column_f57cf9-6c > .kt-inside-inner-col{border-top-width:0px;border-right-width:0px;border-bottom-width:0px;border-left-width:0px;}.kadence-column_f57cf9-6c > .kt-inside-inner-col,.kadence-column_f57cf9-6c > .kt-inside-inner-col:before{border-top-left-radius:0px;border-top-right-radius:0px;border-bottom-right-radius:0px;border-bottom-left-radius:0px;}.kadence-column_f57cf9-6c > .kt-inside-inner-col{column-gap:var(--global-kb-gap-sm, 1rem);}.kadence-column_f57cf9-6c > .kt-inside-inner-col{flex-direction:column;}.kadence-column_f57cf9-6c > .kt-inside-inner-col > .aligncenter{width:100%;}.kadence-column_f57cf9-6c > .kt-inside-inner-col:before{opacity:0.3;}.kadence-column_f57cf9-6c{position:relative;}@media all and (max-width: 1024px){.kadence-column_f57cf9-6c > .kt-inside-inner-col{flex-direction:column;justify-content:center;}}@media all and (max-width: 767px){.kadence-column_f57cf9-6c > .kt-inside-inner-col{flex-direction:column;justify-content:center;}}<\/style>\n<div class=\"wp-block-kadence-column inner-column-1 kadence-column_f57cf9-6c\"><div class=\"kt-inside-inner-col\"><\/div><\/div>\n<\/div><\/div><\/div>\n","protected":false},"excerpt":{"rendered":"<p>Technick\u00e9 specifikace Ozn\u00e1men\u00ed technick\u00e9 specifikace \u00fa\u010dastnick\u00fdch rozhran\u00ed Rozhran\u00ed datov\u00fdch slu\u017eeb Rozhran\u00ed Konektor Mzn. doporu\u010den\u00ed K1 NET 10Base-T RJ-45 IEEE 802.3 \u2013 2002 K1 GigaNET 100Base-T RJ-45 IEEE 802.3 \u2013 2002 IPTV RJ-45 IEEE 802.3 \u2013 2002 Rozhran\u00ed hlasov\u00fdch slu\u017eeb Rozhran\u00ed Technick\u00e1 specifikace rozhran\u00ed VOIP hlasov\u00e9 slu\u017eby fyzick\u00e9 rozhran\u00ed dle nosn\u00e9 datov\u00e9 slu\u017ebyprotokol: SIPkonektor: RJ-45<\/p>\n","protected":false},"author":5,"featured_media":0,"parent":0,"menu_order":0,"comment_status":"closed","ping_status":"closed","template":"","meta":{"_eb_attr":"","_kad_post_transparent":"","_kad_post_title":"","_kad_post_layout":"","_kad_post_sidebar_id":"","_kad_post_content_style":"","_kad_post_vertical_padding":"","_kad_post_feature":"","_kad_post_feature_position":"","_kad_post_header":false,"_kad_post_footer":false,"_kad_post_classname":"","footnotes":""},"class_list":["post-1636","page","type-page","status-publish","hentry"],"_links":{"self":[{"href":"https:\/\/www.kabel1.cz\/www\/wp-json\/wp\/v2\/pages\/1636","targetHints":{"allow":["GET"]}}],"collection":[{"href":"https:\/\/www.kabel1.cz\/www\/wp-json\/wp\/v2\/pages"}],"about":[{"href":"https:\/\/www.kabel1.cz\/www\/wp-json\/wp\/v2\/types\/page"}],"author":[{"embeddable":true,"href":"https:\/\/www.kabel1.cz\/www\/wp-json\/wp\/v2\/users\/5"}],"replies":[{"embeddable":true,"href":"https:\/\/www.kabel1.cz\/www\/wp-json\/wp\/v2\/comments?post=1636"}],"version-history":[{"count":6,"href":"https:\/\/www.kabel1.cz\/www\/wp-json\/wp\/v2\/pages\/1636\/revisions"}],"predecessor-version":[{"id":11783,"href":"https:\/\/www.kabel1.cz\/www\/wp-json\/wp\/v2\/pages\/1636\/revisions\/11783"}],"wp:attachment":[{"href":"https:\/\/www.kabel1.cz\/www\/wp-json\/wp\/v2\/media?parent=1636"}],"curies":[{"name":"wp","href":"https:\/\/api.w.org\/{rel}","templated":true}]}}