{"id":14730,"date":"2024-04-03T13:26:09","date_gmt":"2024-04-03T11:26:09","guid":{"rendered":"https:\/\/www1.kabel1.cz\/?page_id=14730"},"modified":"2026-01-21T13:34:42","modified_gmt":"2026-01-21T12:34:42","slug":"promo-vysilani","status":"publish","type":"page","link":"https:\/\/www.kabel1.cz\/www\/promo-vysilani\/","title":{"rendered":"Promo vys\u00edl\u00e1n\u00ed"},"content":{"rendered":"<style>.kb-row-layout-id14730_57cb61-c9 > .kt-row-column-wrap{align-content:start;}:where(.kb-row-layout-id14730_57cb61-c9 > .kt-row-column-wrap) > .wp-block-kadence-column{justify-content:start;}.kb-row-layout-id14730_57cb61-c9 > .kt-row-column-wrap{column-gap:var(--global-kb-gap-md, 2rem);row-gap:var(--global-kb-gap-md, 2rem);max-width:var( --global-content-width, 1290px );padding-left:var(--global-content-edge-padding);padding-right:var(--global-content-edge-padding);padding-top:var(--global-kb-spacing-xl, 4rem);padding-bottom:var(--global-kb-spacing-5xl, 10rem);grid-template-columns:minmax(0, 1fr);}.kb-row-layout-id14730_57cb61-c9 > .kt-row-layout-overlay{opacity:0.30;}.kb-row-layout-id14730_57cb61-c9 .kt-row-layout-bottom-sep{height:100px;}.kb-row-layout-id14730_57cb61-c9 .kt-row-layout-bottom-sep svg{width:100%;}.kb-row-layout-id14730_57cb61-c9 .kt-row-layout-bottom-sep svg{fill:var(--global-palette3, #1A202C)!important;}.kb-row-layout-id14730_57cb61-c9 .kt-row-layout-top-sep{height:100px;}.kb-row-layout-id14730_57cb61-c9 .kt-row-layout-top-sep svg{width:100%;}.kb-row-layout-id14730_57cb61-c9 .kt-row-layout-top-sep svg{fill:var(--global-palette6, #718096)!important;}@media all and (max-width: 1024px){.kb-row-layout-id14730_57cb61-c9 > .kt-row-column-wrap{grid-template-columns:minmax(0, 1fr);}}@media all and (max-width: 1024px){.kb-row-layout-id14730_57cb61-c9 .kt-row-layout-bottom-sep{height:px;}}@media all and (max-width: 1024px){.kb-row-layout-id14730_57cb61-c9 .kt-row-layout-bottom-sep svg{width:%;}}@media all and (max-width: 767px){.kb-row-layout-id14730_57cb61-c9 > .kt-row-column-wrap{grid-template-columns:minmax(0, 1fr);}.kb-row-layout-id14730_57cb61-c9 .kt-row-layout-bottom-sep{height:px;}.kb-row-layout-id14730_57cb61-c9 .kt-row-layout-bottom-sep svg{width:%;}}<\/style><div class=\"kb-row-layout-wrap kb-row-layout-id14730_57cb61-c9 alignnone wp-block-kadence-rowlayout\"><div class=\"kt-row-layout-top-sep kt-row-sep-type-wavei\"><svg viewBox=\"0 0 1000 100\" preserveAspectRatio=\"none\"><path d=\"M0,40c0,0 120.077,-38.076 250,-38c129.923,0.076 345.105,78 500,78c154.895,0 250,-30 250,-30l0,50l-1000,0l0,-60Z\" \/><\/svg><\/div><div class=\"kt-row-layout-bottom-sep kt-row-sep-type-wave\"><svg viewBox=\"0 0 1000 100\" preserveAspectRatio=\"none\"><path d=\"M1000,40c0,0 -120.077,-38.076 -250,-38c-129.923,0.076 -345.105,78 -500,78c-154.895,0 -250,-30 -250,-30l0,50l1000,0l0,-60Z\" \/><\/svg><\/div><div class=\"kt-row-column-wrap kt-has-1-columns kt-row-layout-equal kt-tab-layout-inherit kt-mobile-layout-row kt-row-valign-top kb-theme-content-width\">\n<style>.kadence-column14730_733230-c4 > .kt-inside-inner-col,.kadence-column14730_733230-c4 > .kt-inside-inner-col:before{border-top-left-radius:0px;border-top-right-radius:0px;border-bottom-right-radius:0px;border-bottom-left-radius:0px;}.kadence-column14730_733230-c4 > .kt-inside-inner-col{column-gap:var(--global-kb-gap-sm, 1rem);}.kadence-column14730_733230-c4 > .kt-inside-inner-col{flex-direction:column;}.kadence-column14730_733230-c4 > .kt-inside-inner-col > .aligncenter{width:100%;}.kadence-column14730_733230-c4 > .kt-inside-inner-col:before{opacity:0.3;}.kadence-column14730_733230-c4{position:relative;}@media all and (max-width: 1024px){.kadence-column14730_733230-c4 > .kt-inside-inner-col{flex-direction:column;justify-content:center;}}@media all and (max-width: 767px){.kadence-column14730_733230-c4 > .kt-inside-inner-col{flex-direction:column;justify-content:center;}}<\/style>\n<div class=\"wp-block-kadence-column kadence-column14730_733230-c4\"><div class=\"kt-inside-inner-col\">\n<figure class=\"wp-block-image size-large is-resized\"><img loading=\"lazy\" decoding=\"async\" width=\"1024\" height=\"576\" src=\"https:\/\/www.kabel1.cz\/www\/wp-content\/uploads\/2024\/04\/kabelovatelevizePROMO-1024x576.png\" alt=\"\" class=\"wp-image-14737\" style=\"width:258px;height:auto\" srcset=\"https:\/\/www.kabel1.cz\/www\/wp-content\/uploads\/2024\/04\/kabelovatelevizePROMO-1024x576.png 1024w, https:\/\/www.kabel1.cz\/www\/wp-content\/uploads\/2024\/04\/kabelovatelevizePROMO-300x169.png 300w, https:\/\/www.kabel1.cz\/www\/wp-content\/uploads\/2024\/04\/kabelovatelevizePROMO-768x432.png 768w, https:\/\/www.kabel1.cz\/www\/wp-content\/uploads\/2024\/04\/kabelovatelevizePROMO.png 1280w\" sizes=\"auto, (max-width: 1024px) 100vw, 1024px\" \/><\/figure>\n\n\n\n<p><strong>Promo vys\u00edl\u00e1n\u00ed pr\u00e1v\u011b te\u010f:<\/strong> Tyto programy jsou do\u010dasn\u011b k dispozici ve v\u0161ech bal\u00ed\u010dc\u00edch jako sou\u010d\u00e1st speci\u00e1ln\u00ed akce<\/p>\n\n\n\r\n<style>\r\n  .grid-kanaly {\r\n    display: grid;\r\n    grid-template-columns: repeat(auto-fill, minmax(220px, 1fr));\r\n    gap: 20px;\r\n  }\r\n\r\n  .kanal-karta {\r\n    border: 2px solid #D73589;\r\n    padding: 10px;\r\n\tborder-top-left-radius: 30px;\r\n    background: #ffffff;\r\n    box-shadow: 0 2px 5px rgba(0,0,0,0.1);\r\n    opacity: 0;\r\n    transform: translateY(10px);\r\n    animation: fadeIn 0.4s ease forwards;\r\n    height: 320px;\r\n    box-sizing: border-box;\r\n    overflow: hidden;\r\n    display: flex;\r\n    flex-direction: column;\r\n    justify-content: flex-start;\r\n  }\r\n\r\n  .kanal-vnitrni {\r\n    display: flex;\r\n    flex-direction: column;\r\n    flex-grow: 1;\r\n    justify-content: space-between;\r\n    align-items: center;\r\n    text-align: center;\r\n  }\r\n\r\n  .kanal-nazev {\r\n    font-weight: bold;\r\n    font-size: 1.1em;\r\n    margin-bottom: 10px;\r\n    min-height: 2.4em;\r\n    overflow: hidden;\r\n    text-overflow: ellipsis;\r\n    display: -webkit-box;\r\n    -webkit-line-clamp: 2;\r\n    -webkit-box-orient: vertical;\r\n  }\r\n\r\n  .kanal-vnitrni img {\r\n    max-height: 90px;\r\n    max-width: 100%;\r\n    object-fit: contain;\r\n    margin-bottom: 10px;\r\n    transition: transform 0.3s ease;\r\n  }\r\n\r\n  .kanal-karta:hover img {\r\n    transform: scale(1.5);\r\n  }\r\n\r\n  .kanal-popis {\r\n    font-size: 0.85em;\r\n    text-align: left;\r\n    overflow-y: auto;\r\n    height: 6em;\r\n    padding-right: 5px;\r\n  }\r\n\r\n  .kanal-popis::-webkit-scrollbar {\r\n    width: 4px;\r\n  }\r\n\r\n  .kanal-popis::-webkit-scrollbar-thumb {\r\n    background-color: #D73589;\r\n    border-radius: 2px;\r\n  }\r\n\r\n  @keyframes fadeIn {\r\n    to {\r\n      opacity: 1;\r\n      transform: translateY(0);\r\n    }\r\n  }\r\n\r\n  @media (max-width: 600px) {\r\n    .grid-kanaly {\r\n      grid-template-columns: 1fr 1fr;\r\n    }\r\n  }\r\n<\/style>\r\n\r\n<div class=\"grid-kanaly\" id=\"seznam-kanalu\"><\/div>\r\n\r\n<script>\r\n  const kanaly = [{\"id\":66,\"nazev\":\"Arena Sport1 HD\",\"logo\":\"https:\\\/\\\/iptvdoku.grapesc.cz\\\/\\\/storage\\\/Logos\\\/7FiTcMK5kzYDs2oxeflZ5eQJGhwUMxBsgyEBA2WT.png\",\"is_radio\":false,\"is_multiscreen\":true,\"kvalita\":\"HD\",\"channelPackages\":\"G.TV Standard,G.TV Komplet,G.TV Sport\",\"mainPackages\":\"G.TV Standard,G.TV Komplet\",\"optionalPackages\":\"G.TV Sport\",\"kategorie\":\"Sportovn\\u00ed\",\"popis\":\"Obl\\u00edben\\u00e9 sportovn\\u00ed po\\u0159ady a ud\\u00e1losti. MotorSport (NASCAR Xfinity), FOTBAL (anglick\\u00e1 2. liga Sky Bet Championship, portugalsk\\u00e1 Premiera Liga, nizozemsk\\u00e1 Eredivisie, Rakousk\\u00e1 fotbalov\\u00e1 Bundesliga, \\u0161v\\u00fdcarsk\\u00e1 Super League a \\u010d\\u00edsnk\\u00e1 Chinese Super League).\",\"app_order\":159,\"timeshift\":10080,\"is_promo\":true},{\"id\":96,\"nazev\":\"CS Film\",\"logo\":\"https:\\\/\\\/iptvdoku.grapesc.cz\\\/\\\/storage\\\/Logos\\\/xzpiXUdX7IHdvD9pKYeb9wa6vx1ks0iupbob79h2.png\",\"is_radio\":false,\"is_multiscreen\":true,\"kvalita\":\"HD\",\"channelPackages\":\"G.TV Komplet,G.TV Plus\",\"mainPackages\":\"G.TV Komplet\",\"optionalPackages\":\"G.TV Plus\",\"kategorie\":\"Filmov\\u00fd\",\"popis\":\"\\u010cesk\\u00e1 a slovensk\\u00e1 filmov\\u00e1 tvorba - filmy star\\u0161\\u00ed ne\\u017e z po\\u010d\\u00e1tku 90. let (filmov\\u00e9 fondy) a p\\u00e1smo v\\u011bnovan\\u00e9 d\\u011btem s nejv\\u011bt\\u0161\\u00edmi hity \\u010desk\\u00e9 animovan\\u00e9 i hran\\u00e9 tvorby (p\\u016fvodn\\u00ed CS MINI) .\",\"app_order\":28,\"timeshift\":10080,\"is_promo\":true},{\"id\":97,\"nazev\":\"CS History\",\"logo\":\"https:\\\/\\\/iptvdoku.grapesc.cz\\\/\\\/storage\\\/Logos\\\/609d38165c2b1.png\",\"is_radio\":false,\"is_multiscreen\":true,\"kvalita\":\"HD\",\"channelPackages\":\"G.TV Komplet,G.TV Plus\",\"mainPackages\":\"G.TV Komplet\",\"optionalPackages\":\"G.TV Plus\",\"kategorie\":\"Dokument\\u00e1rn\\u00ed\",\"popis\":\"CS History (b\\u00fdval\\u00e1 WAR TV) je tematick\\u00e1 televize, kter\\u00e1 po nov\\u00e9m nep\\u0159in\\u00e1\\u0161\\u00ed pouze po\\u0159ady s vojenskou a konspira\\u010dn\\u00ed t\\u00e9matikou, ale tak\\u00e9 historick\\u00e9 po\\u0159ady v\\u011bnovan\\u00e9 \\u0161ir\\u0161\\u00ed \\u0161k\\u00e1le t\\u00e9mat.\",\"app_order\":110,\"timeshift\":10080,\"is_promo\":true},{\"id\":98,\"nazev\":\"CS Horror\",\"logo\":\"https:\\\/\\\/iptvdoku.grapesc.cz\\\/\\\/storage\\\/Logos\\\/609d38206db7b.png\",\"is_radio\":false,\"is_multiscreen\":true,\"kvalita\":\"HD\",\"channelPackages\":\"G.TV Komplet,G.TV Plus\",\"mainPackages\":\"G.TV Komplet\",\"optionalPackages\":\"G.TV Plus\",\"kategorie\":\"Filmov\\u00fd\",\"popis\":\"CS Horror (b\\u00fdval\\u00fd Horor film) je jedin\\u00e1 stanice ve st\\u0159edn\\u00ed Evrop\\u011b, kter\\u00e1 se specializuje na vys\\u00edl\\u00e1n\\u00ed d\\u011bsiv\\u00fdch film\\u016f a po\\u0159ad\\u016f.\",\"app_order\":29,\"timeshift\":10080,\"is_promo\":true},{\"id\":99,\"nazev\":\"CS Mystery\",\"logo\":\"https:\\\/\\\/iptvdoku.grapesc.cz\\\/\\\/storage\\\/Logos\\\/csMysteryLogo.png\",\"is_radio\":false,\"is_multiscreen\":true,\"kvalita\":\"HD\",\"channelPackages\":\"G.TV Komplet,G.TV Plus\",\"mainPackages\":\"G.TV Komplet\",\"optionalPackages\":\"G.TV Plus\",\"kategorie\":\"Dokument\\u00e1rn\\u00ed\",\"popis\":\"Sv\\u011bt z\\u00e1had a paranorm\\u00e1ln\\u00edch jev\\u016f, sv\\u011bt v\\u00e1lek i zlo\\u010din\\u016f, ale i konspirac\\u00ed a alternativn\\u00ed historie. Cestov\\u00e1n\\u00ed sv\\u011btem i vesm\\u00edrem, objevov\\u00e1n\\u00ed ne\\u010dekan\\u00fdch, ale o to zaj\\u00edmav\\u011bj\\u0161\\u00edch ud\\u00e1lost\\u00ed, p\\u0159\\u00edb\\u011bh\\u016f a skryt\\u00fdch tajemstv\\u00ed.\",\"app_order\":109,\"timeshift\":10080,\"is_promo\":true},{\"id\":157,\"nazev\":\"Ginx HD\",\"logo\":\"https:\\\/\\\/iptvdoku.grapesc.cz\\\/\\\/storage\\\/Logos\\\/Jc70zX3SiRDzw05Z2rxj91XKv7hxfbA6xs2BdOCU.png\",\"is_radio\":false,\"is_multiscreen\":true,\"kvalita\":\"SD\",\"channelPackages\":\"G.TV Standard,G.TV Komplet\",\"mainPackages\":\"G.TV Standard,G.TV Komplet\",\"optionalPackages\":\"\",\"kategorie\":\"Ve\\u0159ejnopr\\u00e1vn\\u00ed\",\"popis\":\"nejv\\u011bt\\u0161\\u00ed sv\\u011btov\\u00e1 s\\u00ed\\u0165 pro esporty. 7\\\/7 line\\u00e1rn\\u00ed 24hodinov\\u00fd kan\\u00e1l se sna\\u017e\\u00ed roz\\u0161\\u00ed\\u0159it dosah esport\\u016f v line\\u00e1rn\\u00ed TV. Krom\\u011b \\u017eiv\\u00fdch turnaj\\u016f nab\\u00edz\\u00ed GINX div\\u00e1k\\u016fm 24hodinov\\u00e9 esports novinky, \\u017eiv\\u00e9 form\\u00e1ty z\\u00e1bavy, vypr\\u00e1v\\u011bn\\u00ed p\\u0159\\u00edb\\u011bh\\u016f, t\\u00fdmy, ud\\u00e1losti z cel\\u00e9ho sv\\u011bta.\",\"app_order\":163,\"timeshift\":10080,\"is_promo\":true},{\"id\":165,\"nazev\":\"History Channel\",\"logo\":\"https:\\\/\\\/iptvdoku.grapesc.cz\\\/\\\/storage\\\/Logos\\\/2FbUpWCLqvBwlqFf9t1pDsfui3GZoUCiP5CECo9k.png\",\"is_radio\":false,\"is_multiscreen\":true,\"kvalita\":\"HD\",\"channelPackages\":\"G.TV Standard,G.TV Komplet\",\"mainPackages\":\"G.TV Standard,G.TV Komplet\",\"optionalPackages\":\"\",\"kategorie\":\"Dokument\\u00e1rn\\u00ed\",\"popis\":\"Po\\u0159ady o historii - faktografic\\u00e9 i z\\u00e1bavn\\u00e9 seri\\u00e1ly, speci\\u00e1ly a dokumenty. Div\\u00e1k ve vys\\u00edl\\u00e1n\\u00ed najde po\\u0159ady o d\\u011bjin\\u00e1ch starov\\u011bku, modern\\u00edch d\\u011bjin\\u00e1ch, vojensk\\u00e9 historii a d\\u011bjiny konflikt\\u016f, techniky nebo dopravy.\",\"app_order\":111,\"timeshift\":10080,\"is_promo\":true},{\"id\":277,\"nazev\":\"Kanal1\",\"logo\":\"https:\\\/\\\/iptvdoku.grapesc.cz\\\/\\\/storage\\\/Logos\\\/vJmDj8MbN1gyCUDq7OqjMFsEJiE32INLSVxOAFWs.png\",\"is_radio\":false,\"is_multiscreen\":true,\"kvalita\":\"HD\",\"channelPackages\":\"G.TV Standard,G.TV Komplet\",\"mainPackages\":\"G.TV Standard,G.TV Komplet\",\"optionalPackages\":\"\",\"kategorie\":\"Ve\\u0159ejnopr\\u00e1vn\\u00ed\",\"popis\":\"dokument\\u00e1rn\\u011b-diskusn\\u00ed kan\\u00e1l, kter\\u00fd je zam\\u011b\\u0159en\\u00fd na diskuse a na atraktivn\\u00ed dokument\\u00e1rn\\u00ed filmy z div\\u00e1cky nejzaj\\u00edmav\\u011bj\\u0161\\u00edch oblast\\u00ed se zam\\u011b\\u0159en\\u00edm na historii a p\\u0159\\u00edrodu, ale i na aktu\\u00e1ln\\u00ed t\\u00e9mata sou\\u010dasnosti. Kan\\u00e1l je ve sloven\\u0161tin\\u011b a vys\\u00edl\\u00e1 24\\\/7.\",\"app_order\":39,\"timeshift\":10080,\"is_promo\":true},{\"id\":270,\"nazev\":\"TA3 HD\",\"logo\":\"https:\\\/\\\/iptvdoku.grapesc.cz\\\/\\\/storage\\\/Logos\\\/8VFFwdFppL8d0SkmjiVpaVd49sIKx4dfg8TNXqvA.png\",\"is_radio\":false,\"is_multiscreen\":true,\"kvalita\":\"HD\",\"channelPackages\":\"G.TV Standard,G.TV Komplet\",\"mainPackages\":\"G.TV Standard,G.TV Komplet\",\"optionalPackages\":\"\",\"kategorie\":\"Zpravodajsk\\u00e1\",\"popis\":\"Prvn\\u00ed soukrom\\u00e1 zpravodajsk\\u00e1 televizn\\u00ed stanice na Slovensku, kter\\u00e1 vys\\u00edl\\u00e1 24 hodin denn\\u011b zpravodajsk\\u00e9 a publicistick\\u00e9 po\\u0159ady.\",\"app_order\":136,\"timeshift\":10080,\"is_promo\":true}];\r\n  const seznam = document.getElementById(\"seznam-kanalu\");\r\n\r\n  const vykresli = () => {\r\n    seznam.innerHTML = \"\";\r\n\r\n    kanaly.forEach(k => {\r\n      const div = document.createElement(\"div\");\r\n      div.className = \"kanal-karta\";\r\n      div.innerHTML = `\r\n        <div class=\"kanal-vnitrni\">\r\n          <div class=\"kanal-nazev\">${k.nazev}<\/div>\r\n          <img decoding=\"async\" src=\"${k.logo}\" alt=\"${k.nazev}\">\r\n          <div class=\"kanal-popis\">${k.popis ? k.popis : \" \"}<\/div>\r\n        <\/div>\r\n      `;\r\n      seznam.appendChild(div);\r\n    });\r\n  };\r\n\r\n  vykresli();\r\n<\/script>\r\n<\/div><\/div>\n\n<\/div><\/div>","protected":false},"excerpt":{"rendered":"<p>Promo vys\u00edl\u00e1n\u00ed pr\u00e1v\u011b te\u010f: Tyto programy jsou do\u010dasn\u011b k dispozici ve v\u0161ech bal\u00ed\u010dc\u00edch jako sou\u010d\u00e1st speci\u00e1ln\u00ed akce<\/p>\n","protected":false},"author":5,"featured_media":0,"parent":0,"menu_order":0,"comment_status":"closed","ping_status":"closed","template":"","meta":{"_eb_attr":"","_kad_post_transparent":"","_kad_post_title":"","_kad_post_layout":"","_kad_post_sidebar_id":"","_kad_post_content_style":"","_kad_post_vertical_padding":"","_kad_post_feature":"","_kad_post_feature_position":"","_kad_post_header":false,"_kad_post_footer":false,"_kad_post_classname":"","footnotes":""},"class_list":["post-14730","page","type-page","status-publish","hentry"],"_links":{"self":[{"href":"https:\/\/www.kabel1.cz\/www\/wp-json\/wp\/v2\/pages\/14730","targetHints":{"allow":["GET"]}}],"collection":[{"href":"https:\/\/www.kabel1.cz\/www\/wp-json\/wp\/v2\/pages"}],"about":[{"href":"https:\/\/www.kabel1.cz\/www\/wp-json\/wp\/v2\/types\/page"}],"author":[{"embeddable":true,"href":"https:\/\/www.kabel1.cz\/www\/wp-json\/wp\/v2\/users\/5"}],"replies":[{"embeddable":true,"href":"https:\/\/www.kabel1.cz\/www\/wp-json\/wp\/v2\/comments?post=14730"}],"version-history":[{"count":25,"href":"https:\/\/www.kabel1.cz\/www\/wp-json\/wp\/v2\/pages\/14730\/revisions"}],"predecessor-version":[{"id":22244,"href":"https:\/\/www.kabel1.cz\/www\/wp-json\/wp\/v2\/pages\/14730\/revisions\/22244"}],"wp:attachment":[{"href":"https:\/\/www.kabel1.cz\/www\/wp-json\/wp\/v2\/media?parent=14730"}],"curies":[{"name":"wp","href":"https:\/\/api.w.org\/{rel}","templated":true}]}}