{"id":12780,"date":"2023-01-09T13:51:21","date_gmt":"2023-01-09T12:51:21","guid":{"rendered":"https:\/\/www1.kabel1.cz\/?page_id=12780"},"modified":"2024-09-30T15:53:00","modified_gmt":"2024-09-30T13:53:00","slug":"geniustv-prostredi","status":"publish","type":"page","link":"https:\/\/www.kabel1.cz\/www\/geniustv-prostredi\/","title":{"rendered":"GeniusTV &#8211; prost\u0159ed\u00ed"},"content":{"rendered":"<style>.kb-row-layout-id12780_2407e3-05 > .kt-row-column-wrap{align-content:start;}:where(.kb-row-layout-id12780_2407e3-05 > .kt-row-column-wrap) > .wp-block-kadence-column{justify-content:start;}.kb-row-layout-id12780_2407e3-05 > .kt-row-column-wrap{column-gap:var(--global-kb-gap-md, 2rem);row-gap:var(--global-kb-gap-md, 2rem);max-width:var( --global-content-width, 1290px );padding-left:var(--global-content-edge-padding);padding-right:var(--global-content-edge-padding);padding-top:25px;padding-bottom:97px;grid-template-columns:minmax(0, 1fr);}.kb-row-layout-id12780_2407e3-05 > .kt-row-layout-overlay{opacity:0.30;}.kb-row-layout-id12780_2407e3-05 .kt-row-layout-bottom-sep{height:100px;}.kb-row-layout-id12780_2407e3-05 .kt-row-layout-bottom-sep svg{width:100%;}.kb-row-layout-id12780_2407e3-05 .kt-row-layout-bottom-sep svg{fill:#ffffff!important;}.kb-row-layout-id12780_2407e3-05 .kt-row-layout-top-sep{height:100px;}.kb-row-layout-id12780_2407e3-05 .kt-row-layout-top-sep svg{width:100%;}.kb-row-layout-id12780_2407e3-05 .kt-row-layout-top-sep svg{fill:var(--global-palette3, #1A202C)!important;}@media all and (max-width: 1024px){.kb-row-layout-id12780_2407e3-05 > .kt-row-column-wrap{grid-template-columns:minmax(0, 1fr);}}@media all and (max-width: 1024px){.kb-row-layout-id12780_2407e3-05 .kt-row-layout-bottom-sep{height:px;}}@media all and (max-width: 1024px){.kb-row-layout-id12780_2407e3-05 .kt-row-layout-bottom-sep svg{width:%;}}@media all and (max-width: 767px){.kb-row-layout-id12780_2407e3-05 > .kt-row-column-wrap{grid-template-columns:minmax(0, 1fr);}.kb-row-layout-id12780_2407e3-05 .kt-row-layout-bottom-sep{height:px;}.kb-row-layout-id12780_2407e3-05 .kt-row-layout-bottom-sep svg{width:%;}}<\/style><div class=\"kb-row-layout-wrap kb-row-layout-id12780_2407e3-05 alignnone has-theme-palette9-background-color kt-row-has-bg wp-block-kadence-rowlayout\"><div class=\"kt-row-layout-top-sep kt-row-sep-type-crvr\"><svg viewBox=\"0 0 1000 100\" preserveAspectRatio=\"none\"><path d=\"M1000,100c0,0 -120.987,-98 -350,-98c-229.013,0 -650,98 -650,98l1000,0Z\" \/><\/svg><\/div><div class=\"kt-row-column-wrap kt-has-1-columns kt-row-layout-equal kt-tab-layout-inherit kt-mobile-layout-row kt-row-valign-top kb-theme-content-width\">\n<style>.kadence-column12780_c39998-9a > .kt-inside-inner-col,.kadence-column12780_c39998-9a > .kt-inside-inner-col:before{border-top-left-radius:0px;border-top-right-radius:0px;border-bottom-right-radius:0px;border-bottom-left-radius:0px;}.kadence-column12780_c39998-9a > .kt-inside-inner-col{column-gap:var(--global-kb-gap-sm, 1rem);}.kadence-column12780_c39998-9a > .kt-inside-inner-col{flex-direction:column;}.kadence-column12780_c39998-9a > .kt-inside-inner-col > .aligncenter{width:100%;}.kadence-column12780_c39998-9a > .kt-inside-inner-col:before{opacity:0.3;}.kadence-column12780_c39998-9a{position:relative;}@media all and (max-width: 1024px){.kadence-column12780_c39998-9a > .kt-inside-inner-col{flex-direction:column;justify-content:center;}}@media all and (max-width: 767px){.kadence-column12780_c39998-9a > .kt-inside-inner-col{flex-direction:column;justify-content:center;}}<\/style>\n<div class=\"wp-block-kadence-column kadence-column12780_c39998-9a inner-column-1\"><div class=\"kt-inside-inner-col\"><\/div><\/div>\n\n<\/div><\/div>\n\n<style>.kb-row-layout-id12780_0f5097-0c > .kt-row-column-wrap{align-content:start;}:where(.kb-row-layout-id12780_0f5097-0c > .kt-row-column-wrap) > .wp-block-kadence-column{justify-content:start;}.kb-row-layout-id12780_0f5097-0c > .kt-row-column-wrap{column-gap:var(--global-kb-gap-md, 2rem);row-gap:var(--global-kb-gap-md, 2rem);max-width:var( --global-content-width, 1290px );padding-left:var(--global-content-edge-padding);padding-right:var(--global-content-edge-padding);padding-top:33px;padding-bottom:25px;grid-template-columns:repeat(2, minmax(0, 1fr));}.kb-row-layout-id12780_0f5097-0c > .kt-row-layout-overlay{opacity:0.30;}@media all and (max-width: 1024px){.kb-row-layout-id12780_0f5097-0c > .kt-row-column-wrap{grid-template-columns:repeat(2, minmax(0, 1fr));}}@media all and (max-width: 767px){.kb-row-layout-id12780_0f5097-0c > .kt-row-column-wrap{grid-template-columns:minmax(0, 1fr);}}<\/style><div class=\"kb-row-layout-wrap kb-row-layout-id12780_0f5097-0c alignnone has-theme-palette9-background-color kt-row-has-bg wp-block-kadence-rowlayout\"><div class=\"kt-row-column-wrap kt-has-2-columns kt-row-layout-equal kt-tab-layout-inherit kt-mobile-layout-row kt-row-valign-top kb-theme-content-width\">\n<style>.kadence-column12780_12f4fb-be > .kt-inside-inner-col,.kadence-column12780_12f4fb-be > .kt-inside-inner-col:before{border-top-left-radius:0px;border-top-right-radius:0px;border-bottom-right-radius:0px;border-bottom-left-radius:0px;}.kadence-column12780_12f4fb-be > .kt-inside-inner-col{column-gap:var(--global-kb-gap-sm, 1rem);}.kadence-column12780_12f4fb-be > .kt-inside-inner-col{flex-direction:column;}.kadence-column12780_12f4fb-be > .kt-inside-inner-col > .aligncenter{width:100%;}.kadence-column12780_12f4fb-be > .kt-inside-inner-col:before{opacity:0.3;}.kadence-column12780_12f4fb-be{position:relative;}@media all and (max-width: 1024px){.kadence-column12780_12f4fb-be > .kt-inside-inner-col{flex-direction:column;justify-content:center;}}@media all and (max-width: 767px){.kadence-column12780_12f4fb-be > .kt-inside-inner-col{flex-direction:column;justify-content:center;}}<\/style>\n<div class=\"wp-block-kadence-column kadence-column12780_12f4fb-be inner-column-1\"><div class=\"kt-inside-inner-col\">\n<figure class=\"wp-block-image size-large\"><a href=\"https:\/\/www.kabel1.cz\/www\/wp-content\/uploads\/2023\/01\/zakzona03-1024x499.png\"><img decoding=\"async\" src=\"https:\/\/www.kabel1.cz\/www\/wp-content\/uploads\/2023\/01\/zakzona03-1024x499.png\" alt=\"\"\/><\/a><\/figure>\n<\/div><\/div>\n\n\n<style>.kadence-column12780_24c9f5-97 > .kt-inside-inner-col,.kadence-column12780_24c9f5-97 > .kt-inside-inner-col:before{border-top-left-radius:0px;border-top-right-radius:0px;border-bottom-right-radius:0px;border-bottom-left-radius:0px;}.kadence-column12780_24c9f5-97 > .kt-inside-inner-col{column-gap:var(--global-kb-gap-sm, 1rem);}.kadence-column12780_24c9f5-97 > .kt-inside-inner-col{flex-direction:column;}.kadence-column12780_24c9f5-97 > .kt-inside-inner-col > .aligncenter{width:100%;}.kadence-column12780_24c9f5-97 > .kt-inside-inner-col:before{opacity:0.3;}.kadence-column12780_24c9f5-97{position:relative;}@media all and (max-width: 1024px){.kadence-column12780_24c9f5-97 > .kt-inside-inner-col{flex-direction:column;justify-content:center;}}@media all and (max-width: 767px){.kadence-column12780_24c9f5-97 > .kt-inside-inner-col{flex-direction:column;justify-content:center;}}<\/style>\n<div class=\"wp-block-kadence-column kadence-column12780_24c9f5-97 inner-column-2\"><div class=\"kt-inside-inner-col\">\n<p><strong>P\u0159ihl\u00e1\u0161en\u00ed do internetov\u00e9 aplikace GeniusTV:<\/strong><\/p>\n\n\n\n<p>Zadejte do internetov\u00e9ho prohl\u00ed\u017ee\u010de adresu:<br><a href=\"https:\/\/tv.kabel1.cz\" target=\"_blank\" rel=\"noreferrer noopener\">tv.kabel1.cz<\/a> nebo <a href=\"http:\/\/tv.grapesc.cz\" data-type=\"URL\" data-id=\"http:\/\/tv.grapesc.cz\" target=\"_blank\" rel=\"noreferrer noopener\">tv.grapesc.cz<\/a><\/p>\n\n\n\n<p>Do aplikace se p\u0159ihl\u00e1s\u00edte pomoc\u00ed \u00fadaj\u016f, kter\u00e9 V\u00e1m dorazili SMSkou p\u0159i registraci slu\u017eby, nebo p\u0159i podpisu smlouvy.<\/p>\n<\/div><\/div>\n\n<\/div><\/div>\n\n<style>.kb-row-layout-id12780_cd0e2b-ca > .kt-row-column-wrap{align-content:start;}:where(.kb-row-layout-id12780_cd0e2b-ca > .kt-row-column-wrap) > .wp-block-kadence-column{justify-content:start;}.kb-row-layout-id12780_cd0e2b-ca > .kt-row-column-wrap{column-gap:var(--global-kb-gap-md, 2rem);row-gap:var(--global-kb-gap-md, 2rem);max-width:var( --global-content-width, 1290px );padding-left:var(--global-content-edge-padding);padding-right:var(--global-content-edge-padding);padding-top:115px;padding-bottom:25px;grid-template-columns:repeat(2, minmax(0, 1fr));}.kb-row-layout-id12780_cd0e2b-ca > .kt-row-layout-overlay{opacity:0.30;background-color:var(--global-palette2, #2B6CB0);}.kb-row-layout-id12780_cd0e2b-ca .kt-row-layout-bottom-sep{height:100px;}.kb-row-layout-id12780_cd0e2b-ca .kt-row-layout-bottom-sep svg{width:100%;}.kb-row-layout-id12780_cd0e2b-ca .kt-row-layout-bottom-sep svg{fill:#ffffff!important;}.kb-row-layout-id12780_cd0e2b-ca .kt-row-layout-top-sep{height:100px;}.kb-row-layout-id12780_cd0e2b-ca .kt-row-layout-top-sep svg{width:100%;}.kb-row-layout-id12780_cd0e2b-ca .kt-row-layout-top-sep svg{fill:#ffffff!important;}@media all and (max-width: 1024px){.kb-row-layout-id12780_cd0e2b-ca > .kt-row-column-wrap{grid-template-columns:repeat(2, minmax(0, 1fr));}}@media all and (max-width: 1024px){.kb-row-layout-id12780_cd0e2b-ca .kt-row-layout-bottom-sep{height:px;}}@media all and (max-width: 1024px){.kb-row-layout-id12780_cd0e2b-ca .kt-row-layout-bottom-sep svg{width:%;}}@media all and (max-width: 767px){.kb-row-layout-id12780_cd0e2b-ca > .kt-row-column-wrap{grid-template-columns:minmax(0, 1fr);}.kb-row-layout-id12780_cd0e2b-ca .kt-row-layout-bottom-sep{height:px;}.kb-row-layout-id12780_cd0e2b-ca .kt-row-layout-bottom-sep svg{width:%;}}<\/style><div class=\"kb-row-layout-wrap kb-row-layout-id12780_cd0e2b-ca alignnone kt-row-has-bg wp-block-kadence-rowlayout\"><div class=\"kt-row-layout-overlay kt-row-overlay-normal\"><\/div><div class=\"kt-row-layout-top-sep kt-row-sep-type-wavesi\"><svg viewBox=\"0 0 1000 100\" preserveAspectRatio=\"none\"><path d=\"M0,40c0,0 120.077,-38.076 250,-38c129.923,0.076 345.105,78 500,78c154.895,0 250,-30 250,-30l0,50l-1000,0l0,-60Z\" \/><path d=\"M0,40c0,0 120.077,-38.076 250,-38c129.923,0.076 345.105,73 500,73c154.895,0 250,-45 250,-45l0,70l-1000,0l0,-60Z\" style=\"opacity: 0.4\" \/><path d=\"M0,40c0,0 120.077,-38.076 250,-38c129.923,0.076 345.105,68 500,68c154.895,0 250,-65 250,-65l0,95l-1000,0l0,-60Z\" style=\"opacity: 0.4\" \/><\/svg><\/div><div class=\"kt-row-column-wrap kt-has-2-columns kt-row-layout-equal kt-tab-layout-inherit kt-mobile-layout-row kt-row-valign-top kb-theme-content-width\">\n<style>.kadence-column12780_954345-e8 > .kt-inside-inner-col,.kadence-column12780_954345-e8 > .kt-inside-inner-col:before{border-top-left-radius:0px;border-top-right-radius:0px;border-bottom-right-radius:0px;border-bottom-left-radius:0px;}.kadence-column12780_954345-e8 > .kt-inside-inner-col{column-gap:var(--global-kb-gap-sm, 1rem);}.kadence-column12780_954345-e8 > .kt-inside-inner-col{flex-direction:column;}.kadence-column12780_954345-e8 > .kt-inside-inner-col > .aligncenter{width:100%;}.kadence-column12780_954345-e8 > .kt-inside-inner-col:before{opacity:0.3;}.kadence-column12780_954345-e8{position:relative;}@media all and (max-width: 1024px){.kadence-column12780_954345-e8 > .kt-inside-inner-col{flex-direction:column;justify-content:center;}}@media all and (max-width: 767px){.kadence-column12780_954345-e8 > .kt-inside-inner-col{flex-direction:column;justify-content:center;}}<\/style>\n<div class=\"wp-block-kadence-column kadence-column12780_954345-e8 inner-column-1\"><div class=\"kt-inside-inner-col\">\n<p><strong>Prost\u0159ed\u00ed internetov\u00e9 aplikace GeniusTV:<\/strong><\/p>\n<\/div><\/div>\n\n\n<style>.kadence-column12780_ea1126-28 > .kt-inside-inner-col,.kadence-column12780_ea1126-28 > .kt-inside-inner-col:before{border-top-left-radius:0px;border-top-right-radius:0px;border-bottom-right-radius:0px;border-bottom-left-radius:0px;}.kadence-column12780_ea1126-28 > .kt-inside-inner-col{column-gap:var(--global-kb-gap-sm, 1rem);}.kadence-column12780_ea1126-28 > .kt-inside-inner-col{flex-direction:column;}.kadence-column12780_ea1126-28 > .kt-inside-inner-col > .aligncenter{width:100%;}.kadence-column12780_ea1126-28 > .kt-inside-inner-col:before{opacity:0.3;}.kadence-column12780_ea1126-28{position:relative;}@media all and (max-width: 1024px){.kadence-column12780_ea1126-28 > .kt-inside-inner-col{flex-direction:column;justify-content:center;}}@media all and (max-width: 767px){.kadence-column12780_ea1126-28 > .kt-inside-inner-col{flex-direction:column;justify-content:center;}}<\/style>\n<div class=\"wp-block-kadence-column kadence-column12780_ea1126-28 inner-column-2\"><div class=\"kt-inside-inner-col\">\n<figure class=\"wp-block-image size-large\"><a href=\"https:\/\/www.kabel1.cz\/www\/wp-content\/uploads\/2023\/01\/Screenshot-2023-01-09-10.54.10-1024x494.png\"><img decoding=\"async\" src=\"https:\/\/www.kabel1.cz\/www\/wp-content\/uploads\/2023\/01\/Screenshot-2023-01-09-10.54.10-1024x494.png\" alt=\"\"\/><\/a><\/figure>\n\n\n\n<p><\/p>\n<\/div><\/div>\n\n<\/div><\/div>\n\n<style>.wp-block-kadence-spacer.kt-block-spacer-12780_4346dc-23 .kt-block-spacer{height:28px;}.wp-block-kadence-spacer.kt-block-spacer-12780_4346dc-23 .kt-divider{border-top-width:1px;height:1px;border-top-color:#eee;width:80%;border-top-style:solid;}<\/style>\n<div class=\"wp-block-kadence-spacer aligncenter kt-block-spacer-12780_4346dc-23\"><div class=\"kt-block-spacer kt-block-spacer-halign-center\"><hr class=\"kt-divider\"\/><\/div><\/div>\n\n\n<style>.kb-row-layout-id12780_97879c-92 > .kt-row-column-wrap{align-content:start;}:where(.kb-row-layout-id12780_97879c-92 > .kt-row-column-wrap) > .wp-block-kadence-column{justify-content:start;}.kb-row-layout-id12780_97879c-92 > .kt-row-column-wrap{column-gap:var(--global-kb-gap-md, 2rem);row-gap:var(--global-kb-gap-md, 2rem);max-width:var( --global-content-width, 1290px );padding-left:var(--global-content-edge-padding);padding-right:var(--global-content-edge-padding);padding-top:107px;padding-bottom:25px;grid-template-columns:repeat(2, minmax(0, 1fr));}.kb-row-layout-id12780_97879c-92 > .kt-row-layout-overlay{opacity:0.30;background-color:var(--global-palette5, #4A5568);}.kb-row-layout-id12780_97879c-92 .kt-row-layout-bottom-sep{height:100px;}.kb-row-layout-id12780_97879c-92 .kt-row-layout-bottom-sep svg{width:100%;}.kb-row-layout-id12780_97879c-92 .kt-row-layout-bottom-sep svg{fill:#ffffff!important;}.kb-row-layout-id12780_97879c-92 .kt-row-layout-top-sep{height:100px;}.kb-row-layout-id12780_97879c-92 .kt-row-layout-top-sep svg{width:100%;}.kb-row-layout-id12780_97879c-92 .kt-row-layout-top-sep svg{fill:#ffffff!important;}@media all and (max-width: 1024px){.kb-row-layout-id12780_97879c-92 > .kt-row-column-wrap{grid-template-columns:repeat(2, minmax(0, 1fr));}}@media all and (max-width: 1024px){.kb-row-layout-id12780_97879c-92 .kt-row-layout-bottom-sep{height:px;}}@media all and (max-width: 1024px){.kb-row-layout-id12780_97879c-92 .kt-row-layout-bottom-sep svg{width:%;}}@media all and (max-width: 767px){.kb-row-layout-id12780_97879c-92 > .kt-row-column-wrap{grid-template-columns:minmax(0, 1fr);}.kb-row-layout-id12780_97879c-92 .kt-row-layout-bottom-sep{height:px;}.kb-row-layout-id12780_97879c-92 .kt-row-layout-bottom-sep svg{width:%;}}<\/style><div class=\"kb-row-layout-wrap kb-row-layout-id12780_97879c-92 alignnone kt-row-has-bg wp-block-kadence-rowlayout\"><div class=\"kt-row-layout-overlay kt-row-overlay-normal\"><\/div><div class=\"kt-row-layout-top-sep kt-row-sep-type-crvli\"><svg viewBox=\"0 0 1000 100\" preserveAspectRatio=\"none\"><path d=\"M1000,0c0,0 -420.987,98 -650,98c-229.013,0 -350,-98 -350,-98l0,100l1000,0l0,-100Z\" \/><\/svg><\/div><div class=\"kt-row-column-wrap kt-has-2-columns kt-row-layout-equal kt-tab-layout-inherit kt-mobile-layout-row kt-row-valign-top kb-theme-content-width\">\n<style>.kadence-column12780_2ffc08-44 > .kt-inside-inner-col,.kadence-column12780_2ffc08-44 > .kt-inside-inner-col:before{border-top-left-radius:0px;border-top-right-radius:0px;border-bottom-right-radius:0px;border-bottom-left-radius:0px;}.kadence-column12780_2ffc08-44 > .kt-inside-inner-col{column-gap:var(--global-kb-gap-sm, 1rem);}.kadence-column12780_2ffc08-44 > .kt-inside-inner-col{flex-direction:column;}.kadence-column12780_2ffc08-44 > .kt-inside-inner-col > .aligncenter{width:100%;}.kadence-column12780_2ffc08-44 > .kt-inside-inner-col:before{opacity:0.3;}.kadence-column12780_2ffc08-44{position:relative;}@media all and (max-width: 1024px){.kadence-column12780_2ffc08-44 > .kt-inside-inner-col{flex-direction:column;justify-content:center;}}@media all and (max-width: 767px){.kadence-column12780_2ffc08-44 > .kt-inside-inner-col{flex-direction:column;justify-content:center;}}<\/style>\n<div class=\"wp-block-kadence-column kadence-column12780_2ffc08-44 inner-column-1\"><div class=\"kt-inside-inner-col\">\n<figure class=\"wp-block-image size-large\"><a href=\"https:\/\/www.kabel1.cz\/www\/wp-content\/uploads\/2023\/01\/Screenshot-2023-01-16-13.06.20.png\"><img decoding=\"async\" src=\"https:\/\/www.kabel1.cz\/www\/wp-content\/uploads\/2023\/01\/Screenshot-2023-01-16-13.06.20.png\" alt=\"\"\/><\/a><\/figure>\n<\/div><\/div>\n\n\n<style>.kadence-column12780_4851a2-58 > .kt-inside-inner-col,.kadence-column12780_4851a2-58 > .kt-inside-inner-col:before{border-top-left-radius:0px;border-top-right-radius:0px;border-bottom-right-radius:0px;border-bottom-left-radius:0px;}.kadence-column12780_4851a2-58 > .kt-inside-inner-col{column-gap:var(--global-kb-gap-sm, 1rem);}.kadence-column12780_4851a2-58 > .kt-inside-inner-col{flex-direction:column;}.kadence-column12780_4851a2-58 > .kt-inside-inner-col > .aligncenter{width:100%;}.kadence-column12780_4851a2-58 > .kt-inside-inner-col:before{opacity:0.3;}.kadence-column12780_4851a2-58{position:relative;}@media all and (max-width: 1024px){.kadence-column12780_4851a2-58 > .kt-inside-inner-col{flex-direction:column;justify-content:center;}}@media all and (max-width: 767px){.kadence-column12780_4851a2-58 > .kt-inside-inner-col{flex-direction:column;justify-content:center;}}<\/style>\n<div class=\"wp-block-kadence-column kadence-column12780_4851a2-58 inner-column-2\"><div class=\"kt-inside-inner-col\">\n<p><strong>Mo\u017enosti internetov\u00e9 aplikace GeniusTV:<\/strong><\/p>\n\n\n\n<p><em>Klikn\u011bte na ikonku avataru vpravo naho\u0159e.<\/em><\/p>\n\n\n\n<p><strong>Zm\u011bna rodi\u010dovsk\u00e9ho pinu<\/strong> (v z\u00e1kladu nastaveno 1111).<\/p>\n\n\n\n<p><strong>Zm\u011bna n\u00e1kupn\u00edho pinu<\/strong> &#8211; <em>v K1 s\u00edti prozat\u00edm nevyu\u017e\u00edvan\u00e9<\/em><\/p>\n\n\n\n<p><strong>Zm\u011bna hesla<\/strong> &#8211; Zde zm\u011bn\u00edte vygenerovan\u00e9 heslo, kter\u00e9 V\u00e1m dorazilo pomoc\u00ed SMS<\/p>\n\n\n\n<p><strong>Odemkn\u011bte obsah pro dosp\u011bl\u00e9<\/strong> &#8211; Zobraz\u00ed zamknut\u00e9 kan\u00e1ly pomoc\u00ed pinu<\/p>\n\n\n\n<p><strong>O aplikaci<\/strong> &#8211; Informace o verzi aplikace apod.<\/p>\n<\/div><\/div>\n\n<\/div><\/div>\n\n<style>.wp-block-kadence-spacer.kt-block-spacer-12780_dea896-4a .kt-block-spacer{height:60px;}.wp-block-kadence-spacer.kt-block-spacer-12780_dea896-4a .kt-divider{border-top-width:1px;height:1px;border-top-color:#eee;width:80%;border-top-style:solid;}<\/style>\n<div class=\"wp-block-kadence-spacer aligncenter kt-block-spacer-12780_dea896-4a\"><div class=\"kt-block-spacer kt-block-spacer-halign-center\"><hr class=\"kt-divider\"\/><\/div><\/div>\n","protected":false},"excerpt":{"rendered":"<p>P\u0159ihl\u00e1\u0161en\u00ed do internetov\u00e9 aplikace GeniusTV: Zadejte do internetov\u00e9ho prohl\u00ed\u017ee\u010de adresu:tv.kabel1.cz nebo tv.grapesc.cz Do aplikace se p\u0159ihl\u00e1s\u00edte pomoc\u00ed \u00fadaj\u016f, kter\u00e9 V\u00e1m dorazili SMSkou p\u0159i registraci slu\u017eby, nebo p\u0159i podpisu smlouvy. Prost\u0159ed\u00ed internetov\u00e9 aplikace GeniusTV: Mo\u017enosti internetov\u00e9 aplikace GeniusTV: Klikn\u011bte na ikonku avataru vpravo naho\u0159e. Zm\u011bna rodi\u010dovsk\u00e9ho pinu (v z\u00e1kladu nastaveno 1111). Zm\u011bna n\u00e1kupn\u00edho pinu &#8211; v&#8230;<\/p>\n","protected":false},"author":5,"featured_media":0,"parent":0,"menu_order":0,"comment_status":"closed","ping_status":"closed","template":"","meta":{"_eb_attr":"","_kad_post_transparent":"","_kad_post_title":"","_kad_post_layout":"","_kad_post_sidebar_id":"","_kad_post_content_style":"","_kad_post_vertical_padding":"","_kad_post_feature":"","_kad_post_feature_position":"","_kad_post_header":false,"_kad_post_footer":false,"_kad_post_classname":"","footnotes":""},"class_list":["post-12780","page","type-page","status-publish","hentry"],"_links":{"self":[{"href":"https:\/\/www.kabel1.cz\/www\/wp-json\/wp\/v2\/pages\/12780","targetHints":{"allow":["GET"]}}],"collection":[{"href":"https:\/\/www.kabel1.cz\/www\/wp-json\/wp\/v2\/pages"}],"about":[{"href":"https:\/\/www.kabel1.cz\/www\/wp-json\/wp\/v2\/types\/page"}],"author":[{"embeddable":true,"href":"https:\/\/www.kabel1.cz\/www\/wp-json\/wp\/v2\/users\/5"}],"replies":[{"embeddable":true,"href":"https:\/\/www.kabel1.cz\/www\/wp-json\/wp\/v2\/comments?post=12780"}],"version-history":[{"count":37,"href":"https:\/\/www.kabel1.cz\/www\/wp-json\/wp\/v2\/pages\/12780\/revisions"}],"predecessor-version":[{"id":17307,"href":"https:\/\/www.kabel1.cz\/www\/wp-json\/wp\/v2\/pages\/12780\/revisions\/17307"}],"wp:attachment":[{"href":"https:\/\/www.kabel1.cz\/www\/wp-json\/wp\/v2\/media?parent=12780"}],"curies":[{"name":"wp","href":"https:\/\/api.w.org\/{rel}","templated":true}]}}